{"id":6863,"date":"2024-09-25T16:09:56","date_gmt":"2024-09-25T13:09:56","guid":{"rendered":"https:\/\/habibmakina.com.tr\/?page_id=6863"},"modified":"2024-09-25T17:59:47","modified_gmt":"2024-09-25T14:59:47","slug":"habib-makina-centr-tekhnicheskikh-reshenij","status":"publish","type":"page","link":"https:\/\/habibmakina.com.tr\/ru\/habib-makina-teknik-cozum-merkezi\/","title":{"rendered":"\u0426\u0435\u043d\u0442\u0440 \u0442\u0435\u0445\u043d\u0438\u0447\u0435\u0441\u043a\u0438\u0445 \u0440\u0435\u0448\u0435\u043d\u0438\u0439 \u0425\u0430\u0431\u0438\u0431\u0430 \u041c\u0430\u043a\u0438\u043d\u0430"},"content":{"rendered":"<div id=\"pl-6863\"  class=\"panel-layout\" ><div id=\"pg-6863-0\"  class=\"panel-grid panel-no-style\" ><div id=\"pgc-6863-0-0\"  class=\"panel-grid-cell\" ><div id=\"panel-6863-0-0-0\" class=\"so-panel widget widget_text panel-first-child\" data-index=\"0\" ><h3 class=\"widget-title\">\u0414\u043e\u0431\u0440\u043e \u043f\u043e\u0436\u0430\u043b\u043e\u0432\u0430\u0442\u044c \u0432 \u0426\u0435\u043d\u0442\u0440 \u0442\u0435\u0445\u043d\u0438\u0447\u0435\u0441\u043a\u0438\u0445 \u0440\u0435\u0448\u0435\u043d\u0438\u0439 HABIBMAK\u0130NA!<\/h3>\t\t\t<div class=\"textwidget\"><ul>\n<li>\u0414\u043e\u0431\u0440\u043e \u043f\u043e\u0436\u0430\u043b\u043e\u0432\u0430\u0442\u044c \u0432 \u0426\u0435\u043d\u0442\u0440 \u0442\u0435\u0445\u043d\u0438\u0447\u0435\u0441\u043a\u0438\u0445 \u0440\u0435\u0448\u0435\u043d\u0438\u0439 HABIBMAK\u0130NA!<\/li>\n<li>\u0417\u0434\u0435\u0441\u044c \u0432\u044b \u043d\u0430\u0439\u0434\u0435\u0442\u0435 \u0447\u0430\u0441\u0442\u043e \u0437\u0430\u0434\u0430\u0432\u0430\u0435\u043c\u044b\u0435 \u0432\u043e\u043f\u0440\u043e\u0441\u044b.<\/li>\n<li>\u0412\u044b \u0441\u043c\u043e\u0436\u0435\u0442\u0435 \u0443\u0437\u043d\u0430\u0442\u044c \u043e \u0440\u0430\u0441\u043f\u0440\u043e\u0441\u0442\u0440\u0430\u043d\u0435\u043d\u043d\u044b\u0445 \u043e\u0448\u0438\u0431\u043a\u0430\u0445 \u0438 \u0438\u0445 \u0440\u0435\u0448\u0435\u043d\u0438\u044f\u0445.<\/li>\n<li>\u041c\u044b \u0433\u043e\u0442\u043e\u0432\u044b \u043e\u0442\u0432\u0435\u0442\u0438\u0442\u044c \u043d\u0430 \u0432\u0441\u0435 \u0432\u0430\u0448\u0438 \u0432\u043e\u043f\u0440\u043e\u0441\u044b.<\/li>\n<li>\u041f\u043e\u0436\u0430\u043b\u0443\u0439\u0441\u0442\u0430, \u043d\u0435 \u0441\u0442\u0435\u0441\u043d\u044f\u0439\u0442\u0435\u0441\u044c \u0441\u0432\u044f\u0437\u0430\u0442\u044c\u0441\u044f \u0441 \u043d\u0430\u043c\u0438.<\/li>\n<\/ul>\n<\/div>\n\t\t<\/div><div id=\"panel-6863-0-0-1\" class=\"so-panel widget widget_sow-button panel-last-child\" data-index=\"1\" ><div class=\"so-widget-sow-button so-widget-sow-button-atom-2d96752fcb8c-6863\"><div class=\"ow-button-base ow-button-align-center\">\n\t<a href=\"https:\/\/docs.google.com\/document\/d\/10IByaiBOMCh6USzI_ri_hvtCjm9c_z68ZroSJX4k63k\/export?format=pdf\" class=\"ow-icon-placement-left ow-button-hover\" \t\t>\n\t\t<span>\n\t\t\t\n\t\t\t\u041d\u0430\u0436\u043c\u0438\u0442\u0435, \u0447\u0442\u043e\u0431\u044b \u0437\u0430\u0433\u0440\u0443\u0437\u0438\u0442\u044c \u0442\u0435\u043a\u0443\u0449\u0438\u0439 \u0434\u043e\u043a\u0443\u043c\u0435\u043d\u0442\t\t<\/span>\n\t<\/a>\n<\/div>\n<\/div><\/div><\/div><\/div><\/div>","protected":false},"excerpt":{"rendered":"<p>HAB\u0130BMAK\u0130NA Teknik \u00c7\u00f6z\u00fcm Merkezi\u2019ne ho\u015f geldiniz! Burada s\u0131k\u00e7a sorulan sorulara ula\u015fabilirsiniz. S\u0131k yap\u0131lan hatalar ve \u00e7\u00f6z\u00fcmleri hakk\u0131nda bilgi edinebilirsiniz. Her t\u00fcrl\u00fc sorunuz i\u00e7in buraday\u0131z. \u0130leti\u015fime ge\u00e7mekten \u00e7ekinmeyin l\u00fctfen.<\/p>","protected":false},"author":27,"featured_media":0,"parent":0,"menu_order":0,"comment_status":"closed","ping_status":"closed","template":"","meta":{"_joinchat":[],"footnotes":""},"class_list":["post-6863","page","type-page","status-publish","hentry"],"_links":{"self":[{"href":"https:\/\/habibmakina.com.tr\/ru\/wp-json\/wp\/v2\/pages\/6863"}],"collection":[{"href":"https:\/\/habibmakina.com.tr\/ru\/wp-json\/wp\/v2\/pages"}],"about":[{"href":"https:\/\/habibmakina.com.tr\/ru\/wp-json\/wp\/v2\/types\/page"}],"author":[{"embeddable":true,"href":"https:\/\/habibmakina.com.tr\/ru\/wp-json\/wp\/v2\/users\/27"}],"replies":[{"embeddable":true,"href":"https:\/\/habibmakina.com.tr\/ru\/wp-json\/wp\/v2\/comments?post=6863"}],"version-history":[{"count":11,"href":"https:\/\/habibmakina.com.tr\/ru\/wp-json\/wp\/v2\/pages\/6863\/revisions"}],"predecessor-version":[{"id":6865,"href":"https:\/\/habibmakina.com.tr\/ru\/wp-json\/wp\/v2\/pages\/6863\/revisions\/6865"}],"wp:attachment":[{"href":"https:\/\/habibmakina.com.tr\/ru\/wp-json\/wp\/v2\/media?parent=6863"}],"curies":[{"name":"wp","href":"https:\/\/api.w.org\/{rel}","templated":true}]}}