{"id":6806,"date":"2024-05-27T12:31:40","date_gmt":"2024-05-27T09:31:40","guid":{"rendered":"http:\/\/habibmakina.com.tr\/?page_id=6806"},"modified":"2025-12-30T10:56:11","modified_gmt":"2025-12-30T07:56:11","slug":"reed-broshury-produkcii","status":"publish","type":"page","link":"https:\/\/habibmakina.com.tr\/ru\/reed-urun-brosurleri\/","title":{"rendered":"\u0411\u0440\u043e\u0448\u044e\u0440\u044b \u043e \u043f\u0440\u043e\u0434\u0443\u043a\u0446\u0438\u0438 Reed"},"content":{"rendered":"<div id=\"pl-6806\"  class=\"panel-layout\" ><div id=\"pg-6806-0\"  class=\"panel-grid panel-no-style\" ><div id=\"pgc-6806-0-0\"  class=\"panel-grid-cell\" ><div id=\"panel-6806-0-0-0\" class=\"so-panel widget widget_sow-editor panel-first-child panel-last-child\" data-index=\"0\" ><div class=\"so-widget-sow-editor so-widget-sow-editor-base\"><h3 class=\"widget-title\">\u0410\u041c\u0415\u0420\u0418\u041a\u0410\u041d\u0421\u041a\u0418\u0415 \u0418\u041d\u0421\u0422\u0420\u0423\u041c\u0415\u041d\u0422\u042b \u0414\u041b\u042f \u0425\u041e\u041b\u041e\u0414\u041d\u041e\u0419 \u0420\u0415\u0417\u041a\u0418 \u0422\u0420\u041e\u0421\u0422\u041d\u0418\u041a\u041e\u0412\u042b\u0425 \u0422\u0420\u0423\u0411<\/h3>\n<div class=\"siteorigin-widget-tinymce textwidget\">\n\t<p>\u041a\u043e\u043c\u043f\u0430\u043d\u0438\u044f Habib Makina \u044f\u0432\u043b\u044f\u0435\u0442\u0441\u044f \u0432\u0435\u0434\u0443\u0449\u0438\u043c \u0434\u0438\u0441\u0442\u0440\u0438\u0431\u044c\u044e\u0442\u043e\u0440\u043e\u043c REED, \u043e\u0434\u043d\u043e\u0433\u043e \u0438\u0437 \u0432\u0435\u0434\u0443\u0449\u0438\u0445 \u0430\u043c\u0435\u0440\u0438\u043a\u0430\u043d\u0441\u043a\u0438\u0445 \u0438 \u043c\u0438\u0440\u043e\u0432\u044b\u0445 \u0431\u0440\u0435\u043d\u0434\u043e\u0432 \u0432 \u043e\u0431\u043b\u0430\u0441\u0442\u0438 \u0438\u043d\u0441\u0442\u0440\u0443\u043c\u0435\u043d\u0442\u043e\u0432 \u0438 \u0441\u0442\u0430\u043d\u043a\u043e\u0432 \u0434\u043b\u044f \u0445\u043e\u043b\u043e\u0434\u043d\u043e\u0439 \u0440\u0435\u0437\u043a\u0438 \u0441\u0442\u0430\u043b\u044c\u043d\u044b\u0445 \u0442\u0440\u0443\u0431, \u0432 \u0422\u0443\u0440\u0446\u0438\u0438.<\/p>\n<\/div>\n<\/div><\/div><\/div><\/div><div id=\"pg-6806-1\"  class=\"panel-grid panel-no-style\" ><div id=\"pgc-6806-1-0\"  class=\"panel-grid-cell\" ><div id=\"panel-6806-1-0-0\" class=\"so-panel widget widget_sow-accordion panel-first-child panel-last-child\" data-index=\"1\" ><div class=\"so-widget-sow-accordion so-widget-sow-accordion-default-5060741e6d7d-6806\"><h3 class=\"widget-title\">\u0411\u0440\u043e\u0448\u044e\u0440\u044b \u043e \u043f\u0440\u043e\u0434\u0443\u043a\u0446\u0438\u0438 REED<\/h3><div>\n\t<div class=\"sow-accordion\">\n\t\t\t<div class=\"sow-accordion-panel\"\n\t\t\t data-anchor=\"1-reed-genel-%c3%bcr%c3%bcn-portf%c3%b6y-%c3%b6zet\">\n\t\t\t\t<div class=\"sow-accordion-panel-header-container\" role=\"heading\" aria-level=\"2\">\n\t\t\t\t\t<div class=\"sow-accordion-panel-header\" tabindex=\"0\" role=\"button\" id=\"accordion-label-1-reed-genel-%c3%bcr%c3%bcn-portf%c3%b6y-%c3%b6zet\" aria-controls=\"accordion-content-1-reed-genel-%c3%bcr%c3%bcn-portf%c3%b6y-%c3%b6zet\" aria-expanded=\"false\">\n\t\t\t\t\t\t<div class=\"sow-accordion-title sow-accordion-title-icon-left\">\n\t\t\t\t\t\t\t\t\t\t\t\t\t\t1) \u041a\u0440\u0430\u0442\u043a\u043e\u0435 \u043e\u043f\u0438\u0441\u0430\u043d\u0438\u0435 \u043f\u043e\u0440\u0442\u0444\u0435\u043b\u044f \u043f\u0440\u043e\u0434\u0443\u043a\u0446\u0438\u0438 REED General\t\t\t\t\t\t\t\t\t\t\t\t\t<\/div>\n\t\t\t\t\t\t<div class=\"sow-accordion-open-close-button\">\n\t\t\t\t\t\t\t<div class=\"sow-accordion-open-button\">\n\t\t\t\t\t\t\t\t<span class=\"sow-icon-ionicons\" data-sow-icon=\"&#xf218;\"\n\t\t ><\/span>\t\t\t\t\t\t\t<\/div>\n\t\t\t\t\t\t\t<div class=\"sow-accordion-close-button\">\n\t\t\t\t\t\t\t\t<span class=\"sow-icon-ionicons\" data-sow-icon=\"&#xf209;\"\n\t\t ><\/span>\t\t\t\t\t\t\t<\/div>\n\t\t\t\t\t\t<\/div>\n\t\t\t\t\t<\/div>\n\t\t\t\t<\/div>\n\n\t\t\t<div class=\"sow-accordion-panel-content\" role=\"region\" aria-labelledby=\"accordion-label-1-reed-genel-%c3%bcr%c3%bcn-portf%c3%b6y-%c3%b6zet\" id=\"accordion-content-1-reed-genel-%c3%bcr%c3%bcn-portf%c3%b6y-%c3%b6zet\">\n\t\t\t\t<div class=\"sow-accordion-panel-border\" tabindex=\"0\">\n\t\t\t\t\t<p><a href=\"https:\/\/drive.google.com\/file\/d\/11xzbfR0NQXq8FhVzLTrhU5UdoOh3oPDp\/view?usp=sharing\" target=\"_blank\" rel=\"noopener\">\u041a\u0430\u0442\u0430\u043b\u043e\u0433 \u0418\u043d\u0441\u0442\u0440\u0443\u043c\u0435\u043d\u0442\u044b \u0434\u043b\u044f \u0445\u043e\u043b\u043e\u0434\u043d\u043e\u0439 \u0440\u0435\u0437\u043a\u0438 \u0442\u0440\u0443\u0431 REED \u041a\u0440\u0430\u0442\u043a\u043e\u0435 \u043e\u043f\u0438\u0441\u0430\u043d\u0438\u0435 \u043f\u0440\u043e\u0434\u0443\u043a\u0446\u0438\u0438<\/a><br \/>\n<a href=\"https:\/\/drive.google.com\/file\/d\/1WCZTatIZaI8t3WLJcpI4JN3D3qSG9QQ-\/view?usp=sharing\" rel=\"noopener\">Brosur REED \u041c\u0430\u0448\u0438\u043d\u044b \u0434\u043b\u044f \u0440\u0435\u0437\u043a\u0438, \u0441\u0432\u0430\u0440\u043a\u0438 \u0438 \u0441\u0430\u043d\u0442\u0435\u0445\u043d\u0438\u043a\u0438<\/a><br \/>\n<a href=\"https:\/\/drive.google.com\/file\/d\/1U9iyMv_xQcoygDpf7BPruB62WetmzatI\/view?usp=sharing\" rel=\"noopener\">\u0418\u043d\u0441\u0442\u0440\u0443\u043c\u0435\u043d\u0442\u044b \u0434\u043b\u044f \u0445\u043e\u043b\u043e\u0434\u043d\u043e\u0439 \u0440\u0435\u0437\u043a\u0438 \u0442\u0440\u0443\u0431 Brosur REED<\/a><\/p>\n\t\t\t\t<\/div>\n\t\t\t<\/div>\n\t\t<\/div>\n\t\t<\/div>\n<\/div>\n<\/div><\/div><\/div><\/div><\/div>","protected":false},"excerpt":{"rendered":"<p>\u00c7elik Boru So\u011fuk Kesme Aletleri ve Makinalar\u0131nda Amerika&#8217;n\u0131n ve d\u00fcnyan\u0131n lider markalar\u0131ndan olan REED&#8217;in lider T\u00fcrkiye distrib\u00fct\u00f6r\u00fc yine Habib Makina\u2019d\u0131r.<\/p>","protected":false},"author":27,"featured_media":0,"parent":0,"menu_order":0,"comment_status":"closed","ping_status":"closed","template":"","meta":{"_joinchat":[],"footnotes":""},"class_list":["post-6806","page","type-page","status-publish","hentry"],"_links":{"self":[{"href":"https:\/\/habibmakina.com.tr\/ru\/wp-json\/wp\/v2\/pages\/6806"}],"collection":[{"href":"https:\/\/habibmakina.com.tr\/ru\/wp-json\/wp\/v2\/pages"}],"about":[{"href":"https:\/\/habibmakina.com.tr\/ru\/wp-json\/wp\/v2\/types\/page"}],"author":[{"embeddable":true,"href":"https:\/\/habibmakina.com.tr\/ru\/wp-json\/wp\/v2\/users\/27"}],"replies":[{"embeddable":true,"href":"https:\/\/habibmakina.com.tr\/ru\/wp-json\/wp\/v2\/comments?post=6806"}],"version-history":[{"count":3,"href":"https:\/\/habibmakina.com.tr\/ru\/wp-json\/wp\/v2\/pages\/6806\/revisions"}],"predecessor-version":[{"id":8282,"href":"https:\/\/habibmakina.com.tr\/ru\/wp-json\/wp\/v2\/pages\/6806\/revisions\/8282"}],"wp:attachment":[{"href":"https:\/\/habibmakina.com.tr\/ru\/wp-json\/wp\/v2\/media?parent=6806"}],"curies":[{"name":"wp","href":"https:\/\/api.w.org\/{rel}","templated":true}]}}