{"id":19,"date":"2014-01-06T23:09:34","date_gmt":"2014-01-06T21:09:34","guid":{"rendered":"http:\/\/drsosyal.com\/hmakina\/?page_id=19"},"modified":"2016-11-04T09:28:41","modified_gmt":"2016-11-04T07:28:41","slug":"zakaz","status":"publish","type":"page","link":"https:\/\/habibmakina.com.tr\/ru\/siparis\/","title":{"rendered":"\u0417\u0430\u043a\u0430\u0437\u0430\u0442\u044c"},"content":{"rendered":"<div role=\"form\" class=\"wpcf7\" id=\"wpcf7-f10-o1\" lang=\"en-US\" dir=\"ltr\">\n<div class=\"screen-reader-response\"><p role=\"status\" aria-live=\"polite\" aria-atomic=\"true\"><\/p> <ul><\/ul><\/div>\n<form action=\"\/ru\/wp-json\/wp\/v2\/pages\/19#wpcf7-f10-o1\" method=\"post\" class=\"wpcf7-form init\" novalidate=\"novalidate\" data-status=\"init\" data-trp-original-action=\"\/ru\/wp-json\/wp\/v2\/pages\/19#wpcf7-f10-o1\">\n<div style=\"display: none;\">\n<input type=\"hidden\" name=\"_wpcf7\" value=\"10\" \/>\n<input type=\"hidden\" name=\"_wpcf7_version\" value=\"5.4.2\" \/>\n<input type=\"hidden\" name=\"_wpcf7_locale\" value=\"en_US\" \/>\n<input type=\"hidden\" name=\"_wpcf7_unit_tag\" value=\"wpcf7-f10-o1\" \/>\n<input type=\"hidden\" name=\"_wpcf7_container_post\" value=\"0\" \/>\n<input type=\"hidden\" name=\"_wpcf7_posted_data_hash\" value=\"\" \/>\n<input type=\"hidden\" name=\"_wpcf7_recaptcha_response\" value=\"\" \/>\n<\/div>\n<p>\u0412\u0430\u0448\u0435 \u0438\u043c\u044f \u0438 \u0444\u0430\u043c\u0438\u043b\u0438\u044f (\u043e\u0431\u044f\u0437\u0430\u0442\u0435\u043b\u044c\u043d\u043e)<br \/>\n    <span class=\"wpcf7-form-control-wrap adisoyadi\"><input type=\"text\" name=\"adisoyadi\" value=\"\" size=\"40\" class=\"wpcf7-form-control wpcf7-text wpcf7-validates-as-required\" aria-required=\"true\" aria-invalid=\"false\" \/><\/span><\/p>\n<p>\u041d\u0430\u0437\u0432\u0430\u043d\u0438\u0435 \u043a\u043e\u043c\u043f\u0430\u043d\u0438\u0438 (\u043e\u0431\u044f\u0437\u0430\u0442\u0435\u043b\u044c\u043d\u043e)<br \/>\n    <span class=\"wpcf7-form-control-wrap your-name\"><input type=\"text\" name=\"your-name\" value=\"\" size=\"40\" class=\"wpcf7-form-control wpcf7-text wpcf7-validates-as-required\" aria-required=\"true\" aria-invalid=\"false\" \/><\/span> <\/p>\n<p>\u041f\u0440\u043e\u043c\u044b\u0448\u043b\u0435\u043d\u043d\u043e\u0441\u0442\u044c (\u043e\u0431\u044f\u0437\u0430\u0442\u0435\u043b\u044c\u043d\u043e)<br \/>\n    <span class=\"wpcf7-form-control-wrap endustri\"><select name=\"endustri\" class=\"wpcf7-form-control wpcf7-select wpcf7-validates-as-required\" aria-required=\"true\" aria-invalid=\"false\"><option value=\"\">---<\/option><option value=\"Gemi \u0130n\u015faat\">\u0421\u0443\u0434\u043e\u0441\u0442\u0440\u043e\u0435\u043d\u0438\u0435<\/option><option value=\"Gemi Tamiri\">\u0421\u0443\u0434\u043e\u0440\u0435\u043c\u043e\u043d\u0442<\/option><option value=\"Tank, Kazan, Bas\u0131n\u00e7l\u0131 Kap \u00dcretimi\">\u041f\u0440\u043e\u0438\u0437\u0432\u043e\u0434\u0441\u0442\u0432\u043e \u0440\u0435\u0437\u0435\u0440\u0432\u0443\u0430\u0440\u043e\u0432, \u043a\u043e\u0442\u043b\u043e\u0432, \u0441\u043e\u0441\u0443\u0434\u043e\u0432 \u043f\u043e\u0434 \u0434\u0430\u0432\u043b\u0435\u043d\u0438\u0435\u043c<\/option><option value=\"LSAW Boru \u00dcretimi\">\u041f\u0440\u043e\u0438\u0437\u0432\u043e\u0434\u0441\u0442\u0432\u043e \u0442\u0440\u0443\u0431 LSAW<\/option><option value=\"Borular, Dirsek, Fitting \u00dcretimi\">\u041f\u0440\u043e\u0438\u0437\u0432\u043e\u0434\u0441\u0442\u0432\u043e \u0442\u0440\u0443\u0431, \u043a\u043e\u043b\u0435\u043d, \u0444\u0438\u0442\u0438\u043d\u0433\u043e\u0432<\/option><option value=\"Enerji Sekt\u00f6r\u00fc\">\u042d\u043d\u0435\u0440\u0433\u0435\u0442\u0438\u0447\u0435\u0441\u043a\u0438\u0439 \u0441\u0435\u043a\u0442\u043e\u0440<\/option><option value=\"Petrokimya Sekt\u00f6r\u00fc\">\u041d\u0435\u0444\u0442\u0435\u0445\u0438\u043c\u0438\u0447\u0435\u0441\u043a\u0430\u044f \u043f\u0440\u043e\u043c\u044b\u0448\u043b\u0435\u043d\u043d\u043e\u0441\u0442\u044c<\/option><option value=\"\u00c7elik Konstr\u00fcksiyon\">\u0421\u0442\u0430\u043b\u044c\u043d\u0430\u044f \u043a\u043e\u043d\u0441\u0442\u0440\u0443\u043a\u0446\u0438\u044f<\/option><option value=\"Demiryollar\u0131 \u0130n\u015faat\">\u0421\u0442\u0440\u043e\u0438\u0442\u0435\u043b\u044c\u0441\u0442\u0432\u043e \u0436\u0435\u043b\u0435\u0437\u043d\u044b\u0445 \u0434\u043e\u0440\u043e\u0433<\/option><option value=\"Di\u011fer\">\u0414\u0440\u0443\u0433\u0438\u0435<\/option><\/select><\/span> <\/p>\n<p>\u0422\u0435\u043b\u0435\u0444\u043e\u043d (\u043e\u0431\u044f\u0437\u0430\u0442\u0435\u043b\u044c\u043d\u043e)<br \/>\n    <span class=\"wpcf7-form-control-wrap your-phone\"><input type=\"text\" name=\"your-phone\" value=\"\" size=\"40\" class=\"wpcf7-form-control wpcf7-text wpcf7-validates-as-required\" aria-required=\"true\" aria-invalid=\"false\" \/><\/span> <\/p>\n<p>\u0412\u0430\u0448\u0430 \u044d\u043b\u0435\u043a\u0442\u0440\u043e\u043d\u043d\u0430\u044f \u043f\u043e\u0447\u0442\u0430 (\u043e\u0431\u044f\u0437\u0430\u0442\u0435\u043b\u044c\u043d\u043e)<br \/>\n    <span class=\"wpcf7-form-control-wrap your-email\"><input type=\"email\" name=\"your-email\" value=\"\" size=\"40\" class=\"wpcf7-form-control wpcf7-text wpcf7-email wpcf7-validates-as-required wpcf7-validates-as-email\" aria-required=\"true\" aria-invalid=\"false\" \/><\/span> <\/p>\n<p>\u0412\u043f\u0435\u0440\u0435\u0434<br \/>\n    <span class=\"wpcf7-form-control-wrap your-message\"><textarea name=\"your-message\" cols=\"40\" rows=\"10\" class=\"wpcf7-form-control wpcf7-textarea\" aria-invalid=\"false\"><\/textarea><\/span> <\/p>\n<p><span class=\"wpcf7-form-control-wrap acceptance-589\"><span class=\"wpcf7-form-control wpcf7-acceptance\"><span class=\"wpcf7-list-item\"><label><input type=\"checkbox\" name=\"acceptance-589\" value=\"1\" aria-invalid=\"false\" checked=\"checked\" \/><span class=\"wpcf7-list-item-label\"><a target=\"_blank\" href=\"http:\/\/habibmakina.com.tr\/ru\/konfidencialnost-i-bezopasnost\/\">\u0418\u043d\u0444\u043e\u0440\u043c\u0430\u0446\u0438\u044f \u043e \u043f\u0435\u0440\u0441\u043e\u043d\u0430\u043b\u044c\u043d\u044b\u0445 \u0434\u0430\u043d\u043d\u044b\u0445 \u0422\u0435\u043a\u0441\u0442 <\/a>\u042f \u043f\u0440\u0438\u043d\u0438\u043c\u0430\u044e.<\/span><\/label><\/span><\/span><\/span><\/p>\n<p><span class=\"wpcf7-form-control-wrap acceptance-215\"><span class=\"wpcf7-form-control wpcf7-acceptance\"><span class=\"wpcf7-list-item\"><label><input type=\"checkbox\" name=\"acceptance-215\" value=\"1\" aria-invalid=\"false\" checked=\"checked\" \/><span class=\"wpcf7-list-item-label\">\u042f \u0437\u0430\u044f\u0432\u043b\u044f\u044e, \u0447\u0442\u043e \u0434\u0430\u044e \u0441\u0432\u043e\u0435 \u0441\u043e\u0433\u043b\u0430\u0441\u0438\u0435 \u043d\u0430 \u043e\u0442\u043f\u0440\u0430\u0432\u043a\u0443 \u044d\u043b\u0435\u043a\u0442\u0440\u043e\u043d\u043d\u044b\u0445 \u0441\u043e\u043e\u0431\u0449\u0435\u043d\u0438\u0439 \u043f\u043e SMS, \u044d\u043b\u0435\u043a\u0442\u0440\u043e\u043d\u043d\u043e\u0439 \u043f\u043e\u0447\u0442\u0435 \u0438 \u0442\u0435\u043b\u0435\u0444\u043e\u043d\u0443 \u0432 \u0440\u0435\u043a\u043b\u0430\u043c\u043d\u044b\u0445, \u043c\u0430\u0440\u043a\u0435\u0442\u0438\u043d\u0433\u043e\u0432\u044b\u0445, \u043f\u0440\u043e\u043c\u043e\u0443\u0442\u0435\u0440\u0441\u043a\u0438\u0445, \u0438\u043d\u0444\u043e\u0440\u043c\u0430\u0446\u0438\u043e\u043d\u043d\u044b\u0445 \u0438 \u043a\u043e\u043c\u043c\u0435\u0440\u0447\u0435\u0441\u043a\u0438\u0445 \u0446\u0435\u043b\u044f\u0445 \u043a\u043e\u043c\u043f\u0430\u043d\u0438\u0435\u0439 Habib Makina.<\/span><\/label><\/span><\/span><\/span><\/p>\n\n<p><input type=\"submit\" value=\"\u041e\u0442\u043f\u0440\u0430\u0432\u0438\u0442\u044c\" class=\"wpcf7-form-control wpcf7-submit\" \/><\/p>\n<div class=\"wpcf7-response-output\" aria-hidden=\"true\"><\/div><input type=\"hidden\" name=\"trp-form-language\" value=\"ru\"\/><\/form><\/div>","protected":false},"excerpt":{"rendered":"","protected":false},"author":2,"featured_media":0,"parent":0,"menu_order":0,"comment_status":"open","ping_status":"closed","template":"","meta":{"_joinchat":[],"footnotes":""},"class_list":["post-19","page","type-page","status-publish","hentry"],"_links":{"self":[{"href":"https:\/\/habibmakina.com.tr\/ru\/wp-json\/wp\/v2\/pages\/19"}],"collection":[{"href":"https:\/\/habibmakina.com.tr\/ru\/wp-json\/wp\/v2\/pages"}],"about":[{"href":"https:\/\/habibmakina.com.tr\/ru\/wp-json\/wp\/v2\/types\/page"}],"author":[{"embeddable":true,"href":"https:\/\/habibmakina.com.tr\/ru\/wp-json\/wp\/v2\/users\/2"}],"replies":[{"embeddable":true,"href":"https:\/\/habibmakina.com.tr\/ru\/wp-json\/wp\/v2\/comments?post=19"}],"version-history":[{"count":2,"href":"https:\/\/habibmakina.com.tr\/ru\/wp-json\/wp\/v2\/pages\/19\/revisions"}],"predecessor-version":[{"id":2020,"href":"https:\/\/habibmakina.com.tr\/ru\/wp-json\/wp\/v2\/pages\/19\/revisions\/2020"}],"wp:attachment":[{"href":"https:\/\/habibmakina.com.tr\/ru\/wp-json\/wp\/v2\/media?parent=19"}],"curies":[{"name":"wp","href":"https:\/\/api.w.org\/{rel}","templated":true}]}}