{"id":152,"date":"2014-01-06T22:20:40","date_gmt":"2014-01-06T20:20:40","guid":{"rendered":"http:\/\/drsosyal.com\/hmakina\/?page_id=6"},"modified":"2023-05-30T12:43:29","modified_gmt":"2023-05-30T09:43:29","slug":"o-nas-2","status":"publish","type":"page","link":"https:\/\/habibmakina.com.tr\/ru\/hakkimizda\/","title":{"rendered":"\u0425\u0430\u0431\u0438\u0431 \u041c\u0430\u043a\u0438\u043d\u0430"},"content":{"rendered":"<p>\u0423\u0432\u0430\u0436\u0430\u0435\u043c\u044b\u0435 \u0434\u0435\u043b\u043e\u0432\u044b\u0435 \u043f\u0430\u0440\u0442\u043d\u0435\u0440\u044b,<\/p>\n<p><strong>\u0425\u0430\u0431\u0438\u0431 \u041c\u0430\u043a\u0438\u043d\u0430<\/strong> \u041e\u0441\u043d\u043e\u0432\u0430\u043d\u043d\u0430\u044f \u0432 1980 \u0433\u043e\u0434\u0443, \u043a\u043e\u043c\u043f\u0430\u043d\u0438\u044f \u0441 41-\u043b\u0435\u0442\u043d\u0438\u043c \u0441\u0442\u0430\u0436\u0435\u043c \u0437\u0430\u043d\u0438\u043c\u0430\u0435\u0442\u0441\u044f \u0442\u043e\u0440\u0433\u043e\u0432\u043b\u0435\u0439 \u0438 \u0438\u043c\u043f\u043e\u0440\u0442\u043e\u043c.<\/p>\n<p>\u0412 \u043f\u0435\u0440\u0432\u044b\u0435 \u0433\u043e\u0434\u044b \u0441\u0432\u043e\u0435\u0433\u043e \u0441\u0443\u0449\u0435\u0441\u0442\u0432\u043e\u0432\u0430\u043d\u0438\u044f \u043d\u0430\u0448\u0430 \u043a\u043e\u043c\u043f\u0430\u043d\u0438\u044f, \u0437\u0430\u043d\u0438\u043c\u0430\u0432\u0448\u0430\u044f\u0441\u044f \u0432 \u043e\u0441\u043d\u043e\u0432\u043d\u043e\u043c \u0432\u043d\u0443\u0442\u0440\u0435\u043d\u043d\u0435\u0439 \u0442\u043e\u0440\u0433\u043e\u0432\u043b\u0435\u0439, \u0432 \u043f\u043e\u0441\u043b\u0435\u0434\u0443\u044e\u0449\u0438\u0435 \u0433\u043e\u0434\u044b \u043f\u0440\u043e\u0434\u0432\u0438\u043d\u0443\u043b\u0430\u0441\u044c \u0432 \u043e\u0431\u043b\u0430\u0441\u0442\u0438 \u0438\u043c\u043f\u043e\u0440\u0442\u0430 \u0438 \u043f\u0440\u0435\u0434\u0441\u0442\u0430\u0432\u0438\u0442\u0435\u043b\u044c\u0441\u0442\u0432\u0430.<\/p>\n<p>\u0421\u0435\u0433\u043e\u0434\u043d\u044f \u043a\u043e\u043c\u043f\u0430\u043d\u0438\u044f \u0441\u043f\u0435\u0446\u0438\u0430\u043b\u0438\u0437\u0438\u0440\u0443\u0435\u0442\u0441\u044f \u043d\u0430 \u043e\u0431\u0440\u0430\u0431\u043e\u0442\u043a\u0435 \u0441\u0442\u0430\u043b\u044c\u043d\u043e\u0433\u043e \u043b\u0438\u0441\u0442\u0430 \u0438 \u0442\u0440\u0443\u0431 \u0438 \u0441\u0442\u0430\u043b\u0430 \u0443\u043d\u0438\u0432\u0435\u0440\u0441\u0430\u043b\u044c\u043d\u044b\u043c \u043f\u043e\u0441\u0442\u0430\u0432\u0449\u0438\u043a\u043e\u043c \u043f\u0440\u043e\u043c\u044b\u0448\u043b\u0435\u043d\u043d\u044b\u0445 \u0440\u0435\u0448\u0435\u043d\u0438\u0439 \u0432 \u044d\u0442\u0438\u0445 \u043e\u0431\u043b\u0430\u0441\u0442\u044f\u0445.<\/p>\n<p>\u0421\u0435\u0433\u043e\u0434\u043d\u044f \u043a\u043e\u043c\u043f\u0430\u043d\u0438\u044f \u043f\u0440\u043e\u0434\u043e\u043b\u0436\u0430\u0435\u0442 \u043f\u0440\u0435\u0434\u043e\u0441\u0442\u0430\u0432\u043b\u044f\u0442\u044c \u0441\u0432\u043e\u0438\u043c \u043a\u043b\u0438\u0435\u043d\u0442\u0430\u043c \u043b\u0443\u0447\u0448\u0438\u0435 \u043f\u0440\u043e\u0434\u0443\u043a\u0442\u044b \u0438 \u0443\u0441\u043b\u0443\u0433\u0438 \u043f\u043e \u0434\u043e\u0441\u0442\u0443\u043f\u043d\u044b\u043c \u0446\u0435\u043d\u0430\u043c, \u0438\u043c\u0435\u044f \u043e\u043a\u043e\u043b\u043e 100 \u0434\u0438\u043b\u0435\u0440\u043e\u0432 \u043f\u043e \u0432\u0441\u0435\u0439 \u0422\u0443\u0440\u0446\u0438\u0438.<\/p>\n<p>\u041a\u043e\u043c\u043f\u0430\u043d\u0438\u044f Habib Makina \u044f\u0432\u043b\u044f\u0435\u0442\u0441\u044f \u0435\u0434\u0438\u043d\u0441\u0442\u0432\u0435\u043d\u043d\u044b\u043c \u0438 \u0432\u0435\u0434\u0443\u0449\u0438\u043c \u0434\u0438\u0441\u0442\u0440\u0438\u0431\u044c\u044e\u0442\u043e\u0440\u043e\u043c GBC, \u043e\u0434\u043d\u043e\u0433\u043e \u0438\u0437 \u0432\u0435\u0434\u0443\u0449\u0438\u0445 \u0438\u0442\u0430\u043b\u044c\u044f\u043d\u0441\u043a\u0438\u0445 \u0438 \u043c\u0438\u0440\u043e\u0432\u044b\u0445 \u0431\u0440\u0435\u043d\u0434\u043e\u0432 \u0432 \u043e\u0431\u043b\u0430\u0441\u0442\u0438 \u043e\u0431\u0440\u0430\u0431\u043e\u0442\u043a\u0438 \u0441\u0442\u0430\u043b\u044c\u043d\u044b\u0445 \u043b\u0438\u0441\u0442\u043e\u0432 \u0438 \u0442\u0440\u0443\u0431, \u043e\u0441\u043e\u0431\u0435\u043d\u043d\u043e \u0441\u0442\u0430\u043d\u043a\u043e\u0432 \u0434\u043b\u044f \u0441\u043d\u044f\u0442\u0438\u044f \u0444\u0430\u0441\u043e\u043a, \u043d\u0430 \u043f\u0440\u043e\u0442\u044f\u0436\u0435\u043d\u0438\u0438 20 \u043b\u0435\u0442. \u0424\u0430\u0441\u043e\u0447\u043d\u044b\u0435 \u0441\u0442\u0430\u043d\u043a\u0438 GBC \u0438\u0441\u043f\u043e\u043b\u044c\u0437\u043e\u0432\u0430\u043b\u0438\u0441\u044c \u043f\u0440\u0438 \u0441\u0442\u0440\u043e\u0438\u0442\u0435\u043b\u044c\u0441\u0442\u0432\u0435 \u043d\u043e\u0432\u043e\u0433\u043e \u043c\u043e\u0441\u0442\u0430 \u041e\u0441\u043c\u0430\u043d\u0433\u0430\u0437\u0438, \u043c\u043e\u0441\u0442\u0430 \u042f\u0432\u0443\u0437 \u0421\u0443\u043b\u0442\u0430\u043d \u0421\u0435\u043b\u0438\u043c \u0438 \u043c\u043e\u0441\u0442\u0430 \u0427\u0430\u043d\u0430\u043a\u043a\u0430\u043b\u0435. \u0412\u0435\u0434\u0443\u0449\u0438\u0435 \u043a\u043e\u043c\u043f\u0430\u043d\u0438\u0438 \u0422\u0443\u0440\u0446\u0438\u0438, \u043e\u0441\u043e\u0431\u0435\u043d\u043d\u043e \u0432 \u043e\u0431\u043b\u0430\u0441\u0442\u0438 \u0441\u0442\u0440\u043e\u0438\u0442\u0435\u043b\u044c\u0441\u0442\u0432\u0430 \u0441\u0443\u0434\u043e\u0432, \u0430\u044d\u0440\u043e\u043f\u043e\u0440\u0442\u043e\u0432, \u043c\u043e\u0441\u0442\u043e\u0432, \u043c\u0435\u0442\u0430\u043b\u043b\u043e\u043a\u043e\u043d\u0441\u0442\u0440\u0443\u043a\u0446\u0438\u0439, \u043c\u0430\u0448\u0438\u043d\u043e\u0441\u0442\u0440\u043e\u0435\u043d\u0438\u044f \u0438 \u044d\u043d\u0435\u0440\u0433\u0435\u0442\u0438\u0447\u0435\u0441\u043a\u043e\u0433\u043e \u0441\u0435\u043a\u0442\u043e\u0440\u0430, \u043f\u0440\u0435\u0434\u043f\u043e\u0447\u0438\u0442\u0430\u044e\u0442 \u0438\u0441\u043f\u043e\u043b\u044c\u0437\u043e\u0432\u0430\u0442\u044c \u043d\u0430\u0448\u0438 \u0441\u0442\u0430\u043d\u043a\u0438 \u0434\u043b\u044f \u043e\u0431\u0440\u0430\u0431\u043e\u0442\u043a\u0438 \u0441\u0442\u0430\u043b\u044c\u043d\u044b\u0445 \u043b\u0438\u0441\u0442\u043e\u0432 \u0438 \u0442\u0440\u0443\u0431.<\/p>\n<p>\u041a\u0440\u043e\u043c\u0435 \u0442\u043e\u0433\u043e, \u043a\u043e\u043c\u043f\u0430\u043d\u0438\u044f Habib Makina \u0433\u043e\u0440\u0434\u0438\u0442\u0441\u044f \u0442\u0435\u043c, \u0447\u0442\u043e \u0441\u0442\u0430\u043b\u0430 \u043f\u0435\u0440\u0432\u043e\u0439 \u043a\u043e\u043c\u043f\u0430\u043d\u0438\u0435\u0439, \u043a\u043e\u0442\u043e\u0440\u0430\u044f \u0438\u043c\u043f\u043e\u0440\u0442\u0438\u0440\u043e\u0432\u0430\u043b\u0430 \u0432 \u0422\u0443\u0440\u0446\u0438\u044e \u043c\u0430\u0433\u043d\u0438\u0442\u043d\u044b\u0435 \u0431\u0443\u0440\u044b (MAB) \u0438 \u043f\u0440\u0435\u0434\u0441\u0442\u0430\u0432\u0438\u043b\u0430 \u044d\u0442\u0443 \u0442\u0435\u0445\u043d\u043e\u043b\u043e\u0433\u0438\u044e \u0431\u0443\u0440\u0435\u043d\u0438\u044f \u0432 \u043d\u0430\u0448\u0435\u0439 \u0441\u0442\u0440\u0430\u043d\u0435.<\/p>\n<p>\u041d\u0430 \u043f\u0440\u043e\u0442\u044f\u0436\u0435\u043d\u0438\u0438 25 \u043b\u0435\u0442 \u043a\u043e\u043c\u043f\u0430\u043d\u0438\u044f Habib Makina \u044f\u0432\u043b\u044f\u0435\u0442\u0441\u044f \u043f\u0435\u0440\u0432\u044b\u043c \u0438 \u0435\u0434\u0438\u043d\u0441\u0442\u0432\u0435\u043d\u043d\u044b\u043c \u0434\u0438\u0441\u0442\u0440\u0438\u0431\u044c\u044e\u0442\u043e\u0440\u043e\u043c BDS MASCHINEN GmbH, \u043e\u0434\u043d\u043e\u0439 \u0438\u0437 \u0432\u0435\u0434\u0443\u0449\u0438\u0445 \u043a\u043e\u043c\u043f\u0430\u043d\u0438\u0439 \u0432 \u0413\u0435\u0440\u043c\u0430\u043d\u0438\u0438. \u041c\u0430\u0433\u043d\u0438\u0442\u043d\u044b\u0435 \u0441\u0432\u0435\u0440\u043b\u0430 BDS \u0438\u0441\u043f\u043e\u043b\u044c\u0437\u043e\u0432\u0430\u043b\u0438\u0441\u044c \u043f\u0440\u0438 \u0441\u0442\u0440\u043e\u0438\u0442\u0435\u043b\u044c\u0441\u0442\u0432\u0435 \u043c\u043d\u043e\u0433\u0438\u0445 \u0441\u0442\u0430\u043b\u044c\u043d\u044b\u0445 \u043a\u043e\u043d\u0441\u0442\u0440\u0443\u043a\u0446\u0438\u0439, \u043e\u0441\u043e\u0431\u0435\u043d\u043d\u043e \u043f\u0440\u0438 \u0441\u0442\u0440\u043e\u0438\u0442\u0435\u043b\u044c\u0441\u0442\u0432\u0435 \u043d\u043e\u0432\u043e\u0433\u043e \u0430\u044d\u0440\u043e\u043f\u043e\u0440\u0442\u0430 \u0421\u0442\u0430\u043c\u0431\u0443\u043b\u0430.<\/p>\n<p>\u041d\u0430\u043a\u043e\u043d\u0435\u0446, Habib Makina \u044f\u0432\u043b\u044f\u0435\u0442\u0441\u044f \u0434\u0438\u0441\u0442\u0440\u0438\u0431\u044c\u044e\u0442\u043e\u0440\u043e\u043c \u043c\u043d\u043e\u0433\u0438\u0445 \u0438\u0437\u0432\u0435\u0441\u0442\u043d\u044b\u0445 \u0431\u0440\u0435\u043d\u0434\u043e\u0432 \u0438\u0437 \u0415\u0432\u0440\u043e\u043f\u044b, \u0410\u043c\u0435\u0440\u0438\u043a\u0438 \u0438 \u0414\u0430\u043b\u044c\u043d\u0435\u0433\u043e \u0412\u043e\u0441\u0442\u043e\u043a\u0430. \u0421 \u043c\u043e\u043c\u0435\u043d\u0442\u0430 \u043e\u0441\u043d\u043e\u0432\u0430\u043d\u0438\u044f \u043e\u0441\u043d\u043e\u0432\u043d\u043e\u0439 \u0444\u0438\u043b\u043e\u0441\u043e\u0444\u0438\u0435\u0439 \u043a\u043e\u043c\u043f\u0430\u043d\u0438\u0438 \u0431\u044b\u043b\u043e \u0441\u043b\u0435\u0434\u043e\u0432\u0430\u043d\u0438\u0435 \u0438\u043d\u043d\u043e\u0432\u0430\u0446\u0438\u044f\u043c \u0438 \u043f\u0440\u0435\u0434\u043b\u043e\u0436\u0435\u043d\u0438\u0435 \u043a\u0430\u0447\u0435\u0441\u0442\u0432\u0435\u043d\u043d\u043e\u0439 \u043f\u0440\u043e\u0434\u0443\u043a\u0446\u0438\u0438 \u0441\u0432\u043e\u0438\u043c \u043a\u043b\u0438\u0435\u043d\u0442\u0430\u043c \u043f\u043e \u0434\u043e\u0441\u0442\u0443\u043f\u043d\u044b\u043c \u0446\u0435\u043d\u0430\u043c. \u0412 \u0441\u0435\u0433\u043e\u0434\u043d\u044f\u0448\u043d\u0438\u0445 \u0443\u0441\u043b\u043e\u0432\u0438\u044f\u0445 \u0440\u0430\u0441\u0442\u0443\u0449\u0435\u0439 \u043a\u043e\u043d\u043a\u0443\u0440\u0435\u043d\u0446\u0438\u0438 Habib Makina \u043f\u0440\u043e\u0434\u043e\u043b\u0436\u0430\u0435\u0442 \u043b\u0438\u0434\u0438\u0440\u043e\u0432\u0430\u0442\u044c \u0432 \u0441\u0432\u043e\u0435\u043c \u0441\u0435\u043a\u0442\u043e\u0440\u0435 \u0431\u043b\u0430\u0433\u043e\u0434\u0430\u0440\u044f \u0442\u0435\u0445\u043d\u0438\u0447\u0435\u0441\u043a\u043e\u0439 \u043f\u043e\u0434\u0434\u0435\u0440\u0436\u043a\u0435, \u043f\u043e\u0441\u043b\u0435\u043f\u0440\u043e\u0434\u0430\u0436\u043d\u043e\u043c\u0443 \u043e\u0431\u0441\u043b\u0443\u0436\u0438\u0432\u0430\u043d\u0438\u044e \u0438 \u0431\u044b\u0441\u0442\u0440\u043e\u0439 \u043f\u043e\u0441\u0442\u0430\u0432\u043a\u0435 \u0437\u0430\u043f\u0430\u0441\u043d\u044b\u0445 \u0447\u0430\u0441\u0442\u0435\u0439.<\/p>\n<p>\u0418\u0441\u043a\u0440\u0435\u043d\u043d\u0435,<br \/>\n\u0425\u0410\u0411\u0418\u0411 \u041c\u0410\u041a\u0418 \u0421\u0410\u041d. \u0422\u0418\u0307\u041a. \u0410.\u0428.<\/p>","protected":false},"excerpt":{"rendered":"<p>De\u011ferli \u0130\u015f Ortaklar\u0131m\u0131z, Habib Makina 1980 y\u0131l\u0131nda kurulan 41 y\u0131ll\u0131k bir ticaret ve ithalat\u00e7\u0131 firmas\u0131d\u0131r. Kuruldu\u011fu ilk y\u0131llarda daha \u00e7ok dahili ticaret ile faaliyet g\u00f6steren \u015firketimiz sonraki y\u0131llarda ithalat ve temsilcilik konusunda ilerlemi\u015ftir. G\u00fcn\u00fcm\u00fczde \u00e7elik plaka ve boru i\u015flemede uzmanla\u015fm\u0131\u015f ve bu konularda end\u00fcstriyel \u00e7\u00f6z\u00fcmlerde tek adres olmu\u015ftur. Bug\u00fcn T\u00fcrkiye&#8217;nin d\u00f6rt bir yan\u0131nda 100&#8217;e yak\u0131n [&hellip;]<\/p>\n","protected":false},"author":2,"featured_media":0,"parent":0,"menu_order":0,"comment_status":"open","ping_status":"closed","template":"","meta":{"_joinchat":[],"footnotes":""},"class_list":["post-152","page","type-page","status-publish","hentry"],"_links":{"self":[{"href":"https:\/\/habibmakina.com.tr\/ru\/wp-json\/wp\/v2\/pages\/152"}],"collection":[{"href":"https:\/\/habibmakina.com.tr\/ru\/wp-json\/wp\/v2\/pages"}],"about":[{"href":"https:\/\/habibmakina.com.tr\/ru\/wp-json\/wp\/v2\/types\/page"}],"author":[{"embeddable":true,"href":"https:\/\/habibmakina.com.tr\/ru\/wp-json\/wp\/v2\/users\/2"}],"replies":[{"embeddable":true,"href":"https:\/\/habibmakina.com.tr\/ru\/wp-json\/wp\/v2\/comments?post=152"}],"version-history":[{"count":13,"href":"https:\/\/habibmakina.com.tr\/ru\/wp-json\/wp\/v2\/pages\/152\/revisions"}],"predecessor-version":[{"id":8386,"href":"https:\/\/habibmakina.com.tr\/ru\/wp-json\/wp\/v2\/pages\/152\/revisions\/8386"}],"wp:attachment":[{"href":"https:\/\/habibmakina.com.tr\/ru\/wp-json\/wp\/v2\/media?parent=152"}],"curies":[{"name":"wp","href":"https:\/\/api.w.org\/{rel}","templated":true}]}}