{"id":6338,"date":"2023-05-29T18:34:26","date_gmt":"2023-05-29T15:34:26","guid":{"rendered":"http:\/\/habibmakina.com.tr\/?page_id=6338"},"modified":"2023-05-30T16:19:32","modified_gmt":"2023-05-30T13:19:32","slug":"industries","status":"publish","type":"page","link":"https:\/\/habibmakina.com.tr\/en\/endustriler\/","title":{"rendered":"Industries where we are Machinery and Equipment Supplier"},"content":{"rendered":"<div id=\"pl-6338\"  class=\"panel-layout\" ><div id=\"pg-6338-0\"  class=\"panel-grid panel-no-style\" ><div id=\"pgc-6338-0-0\"  class=\"panel-grid-cell\" ><div id=\"panel-6338-0-0-0\" class=\"so-panel widget widget_sow-editor panel-first-child panel-last-child\" data-index=\"0\" ><div class=\"so-widget-sow-editor so-widget-sow-editor-base\">\n<div class=\"siteorigin-widget-tinymce textwidget\">\n\t<p>At Habib Makina, we have specialized in providing high quality machines and equipment for a wide range of industries for 43 years.<\/p>\n<p>We specialize mainly in steel plate and pipe cutting, punching and beveling machines.<\/p>\n<p>We have been serving our customers for 43 years with our innovative technologies and dedicated service that we import from Europe, America and the Far East. We are proud of the short delivery times of our imported machines and spare parts. In addition to imports, we offer after-sales engineering consultancy and technical services.<\/p>\n<p>Below you can find the industries we serve and some of our reputable references:<\/p>\n<\/div>\n<\/div><\/div><\/div><\/div><div id=\"pg-6338-1\"  class=\"panel-grid panel-no-style\" ><div id=\"pgc-6338-1-0\"  class=\"panel-grid-cell\" ><div id=\"panel-6338-1-0-0\" class=\"so-panel widget widget_sow-image panel-first-child panel-last-child\" data-index=\"1\" ><div class=\"so-widget-sow-image so-widget-sow-image-default-d6014b76747a-6338\">\n\n<div class=\"sow-image-container\">\n\t\t<img decoding=\"async\" src=\"https:\/\/habibmakina.com.tr\/wp-content\/uploads\/2023\/05\/endustriler-kopru-insa.png\" width=\"600\" height=\"300\" sizes=\"(max-width: 600px) 100vw, 600px\" alt=\"\" loading=\"lazy\" \t\tclass=\"so-widget-image\"\/>\n\t<\/div>\n\n<\/div><\/div><\/div><div id=\"pgc-6338-1-1\"  class=\"panel-grid-cell\" ><div id=\"panel-6338-1-1-0\" class=\"so-panel widget widget_testimonials panel-first-child panel-last-child\" data-index=\"2\" ><h3 class=\"widget-title\">Bridge Construction and Repair Sector<\/h3><blockquote class=\"testimonial\"><p><span class=\"mark-first\"><\/span>Machines imported from Germany, Italy, America and the Far East with our innovative technology enable the efficient construction and repair of bridges by cutting, drilling and beveling precise steel plates and pipes. <span class=\"mark-last\"><\/span><span class=\"author\">- References: \u00c7imta\u015f, Neta Boru, Enka, Tekfen, \u0130\u00e7ta\u015f, R\u00f6nesans Holding, Cengiz \u0130n\u015faat, Limak, Kuzu \u0130n\u015faat<\/span><\/p><\/blockquote><\/div><\/div><\/div><div id=\"pg-6338-2\"  class=\"panel-grid panel-no-style\" ><div id=\"pgc-6338-2-0\"  class=\"panel-grid-cell\" ><div id=\"panel-6338-2-0-0\" class=\"so-panel widget widget_sow-image panel-first-child panel-last-child\" data-index=\"3\" ><div class=\"so-widget-sow-image so-widget-sow-image-default-d6014b76747a-6338\">\n\n<div class=\"sow-image-container\">\n\t\t<img decoding=\"async\" src=\"https:\/\/habibmakina.com.tr\/wp-content\/uploads\/2023\/05\/endustriler-muhendislik-celik-konstruksiyon.png\" width=\"600\" height=\"300\" sizes=\"(max-width: 600px) 100vw, 600px\" alt=\"\" loading=\"lazy\" \t\tclass=\"so-widget-image\"\/>\n\t<\/div>\n\n<\/div><\/div><\/div><div id=\"pgc-6338-2-1\"  class=\"panel-grid-cell\" ><div id=\"panel-6338-2-1-0\" class=\"so-panel widget widget_testimonials panel-first-child panel-last-child\" data-index=\"4\" ><h3 class=\"widget-title\">Engineering &amp; Steel Construction Sector<\/h3><blockquote class=\"testimonial\"><p><span class=\"mark-first\"><\/span>We offer advanced machinery for steel plate and tube processing, ensuring high precision and efficiency in engineering and steel construction projects.  <span class=\"mark-last\"><\/span><span class=\"author\">- References: ArcelorMittal RZK \u00c7EL\u0130K, R\u00f6nesans Holding, Tekfen Holding, Kalyon Construction, Ate\u015f \u00c7elik, Neta Boru, \u0130\u00c7DA\u015e , \u0130\u00c7TA\u015e<\/span><\/p><\/blockquote><\/div><\/div><\/div><div id=\"pg-6338-3\"  class=\"panel-grid panel-no-style\" ><div id=\"pgc-6338-3-0\"  class=\"panel-grid-cell\" ><div id=\"panel-6338-3-0-0\" class=\"so-panel widget widget_sow-image panel-first-child panel-last-child\" data-index=\"5\" ><div class=\"so-widget-sow-image so-widget-sow-image-default-d6014b76747a-6338\">\n\n<div class=\"sow-image-container\">\n\t\t<img decoding=\"async\" src=\"https:\/\/habibmakina.com.tr\/wp-content\/uploads\/2023\/05\/endustriler-LSAW-Boru.png\" width=\"600\" height=\"300\" sizes=\"(max-width: 600px) 100vw, 600px\" alt=\"\" loading=\"lazy\" \t\tclass=\"so-widget-image\"\/>\n\t<\/div>\n\n<\/div><\/div><\/div><div id=\"pgc-6338-3-1\"  class=\"panel-grid-cell\" ><div id=\"panel-6338-3-1-0\" class=\"so-panel widget widget_testimonials panel-first-child panel-last-child\" data-index=\"6\" ><h3 class=\"widget-title\">LSAW Pipe and Steel Equipment Production <\/h3><blockquote class=\"testimonial\"><p><span class=\"mark-first\"><\/span>Machines imported from Germany, Italy, America and the Far East for the precision fabrication and repair of steel equipment are essential for cutting, drilling and beveling of steel plates and tubes. <span class=\"mark-last\"><\/span><span class=\"author\">- References: Boskay Metal, \u00c7imta\u015f, \u00c7olako\u011flu Metalurji, Haba\u015f, ArcelorMittal RZK \u00c7EL\u0130K<\/span><\/p><\/blockquote><\/div><\/div><\/div><div id=\"pg-6338-4\"  class=\"panel-grid panel-no-style\" ><div id=\"pgc-6338-4-0\"  class=\"panel-grid-cell\" ><div id=\"panel-6338-4-0-0\" class=\"so-panel widget widget_sow-image panel-first-child panel-last-child\" data-index=\"7\" ><div class=\"so-widget-sow-image so-widget-sow-image-default-d6014b76747a-6338\">\n\n<div class=\"sow-image-container\">\n\t\t<img decoding=\"async\" src=\"https:\/\/habibmakina.com.tr\/wp-content\/uploads\/2023\/05\/endustriler-madencilik.png\" width=\"600\" height=\"300\" sizes=\"(max-width: 600px) 100vw, 600px\" alt=\"\" loading=\"lazy\" \t\tclass=\"so-widget-image\"\/>\n\t<\/div>\n\n<\/div><\/div><\/div><div id=\"pgc-6338-4-1\"  class=\"panel-grid-cell\" ><div id=\"panel-6338-4-1-0\" class=\"so-panel widget widget_testimonials panel-first-child panel-last-child\" data-index=\"8\" ><h3 class=\"widget-title\">Mining<\/h3><blockquote class=\"testimonial\"><p><span class=\"mark-first\"><\/span>The advanced technology we have developed for steel plate and pipe processing and the machines we import from Germany, Italy, America and the Far East play a critical role in realizing precise and efficient operations in the mining industry.<span class=\"mark-last\"><\/span><span class=\"author\">- References: Boskay Metal, \u00c7imta\u015f, \u00c7olako\u011flu Metalurji, \u0130\u00c7DA\u015e, EMSA Energy Mining, Uysal Mining<\/span><\/p><\/blockquote><\/div><\/div><\/div><div id=\"pg-6338-5\"  class=\"panel-grid panel-no-style\" ><div id=\"pgc-6338-5-0\"  class=\"panel-grid-cell\" ><div id=\"panel-6338-5-0-0\" class=\"so-panel widget widget_sow-image panel-first-child panel-last-child\" data-index=\"9\" ><div class=\"so-widget-sow-image so-widget-sow-image-default-d6014b76747a-6338\">\n\n<div class=\"sow-image-container\">\n\t\t<img decoding=\"async\" src=\"https:\/\/habibmakina.com.tr\/wp-content\/uploads\/2023\/05\/endustriler-petrol-dogalgaz.png\" width=\"600\" height=\"300\" sizes=\"(max-width: 600px) 100vw, 600px\" alt=\"\" loading=\"lazy\" \t\tclass=\"so-widget-image\"\/>\n\t<\/div>\n\n<\/div><\/div><\/div><div id=\"pgc-6338-5-1\"  class=\"panel-grid-cell\" ><div id=\"panel-6338-5-1-0\" class=\"so-panel widget widget_testimonials panel-first-child panel-last-child\" data-index=\"10\" ><h3 class=\"widget-title\">Oil &amp; Natural Gas<\/h3><blockquote class=\"testimonial\"><p><span class=\"mark-first\"><\/span>We offer state-of-the-art machinery for steel plate and pipe cutting, drilling and beveling to meet the specific requirements of the oil and gas industry. <span class=\"mark-last\"><\/span><span class=\"author\">- References: Aygaz, Renaissance Holding<\/span><\/p><\/blockquote><\/div><\/div><\/div><div id=\"pg-6338-6\"  class=\"panel-grid panel-no-style\" ><div id=\"pgc-6338-6-0\"  class=\"panel-grid-cell\" ><div id=\"panel-6338-6-0-0\" class=\"so-panel widget widget_sow-image panel-first-child panel-last-child\" data-index=\"11\" ><div class=\"so-widget-sow-image so-widget-sow-image-default-d6014b76747a-6338\">\n\n<div class=\"sow-image-container\">\n\t\t<img decoding=\"async\" src=\"https:\/\/habibmakina.com.tr\/wp-content\/uploads\/2023\/05\/endustriler-petro-kimya-rafinerileri.png\" width=\"600\" height=\"300\" sizes=\"(max-width: 600px) 100vw, 600px\" alt=\"\" loading=\"lazy\" \t\tclass=\"so-widget-image\"\/>\n\t<\/div>\n\n<\/div><\/div><\/div><div id=\"pgc-6338-6-1\"  class=\"panel-grid-cell\" ><div id=\"panel-6338-6-1-0\" class=\"so-panel widget widget_testimonials panel-first-child panel-last-child\" data-index=\"12\" ><h3 class=\"widget-title\">Petro-Chemicals and Refineries<\/h3><blockquote class=\"testimonial\"><p><span class=\"mark-first\"><\/span>We offer specialized machinery for steel plate and tube processing, enabling precision manufacturing and maintenance in petroleum chemical plants and refineries. <span class=\"mark-last\"><\/span><span class=\"author\">- References: T\u00fcpra\u015f Refinery, STAR Refinery<\/span><\/p><\/blockquote><\/div><\/div><\/div><div id=\"pg-6338-7\"  class=\"panel-grid panel-no-style\" ><div id=\"pgc-6338-7-0\"  class=\"panel-grid-cell\" ><div id=\"panel-6338-7-0-0\" class=\"so-panel widget widget_sow-image panel-first-child panel-last-child\" data-index=\"13\" ><div class=\"so-widget-sow-image so-widget-sow-image-default-d6014b76747a-6338\">\n\n<div class=\"sow-image-container\">\n\t\t<img decoding=\"async\" src=\"https:\/\/habibmakina.com.tr\/wp-content\/uploads\/2023\/05\/endustriler-kaynak.png\" width=\"600\" height=\"300\" sizes=\"(max-width: 600px) 100vw, 600px\" alt=\"\" loading=\"lazy\" \t\tclass=\"so-widget-image\"\/>\n\t<\/div>\n\n<\/div><\/div><\/div><div id=\"pgc-6338-7-1\"  class=\"panel-grid-cell\" ><div id=\"panel-6338-7-1-0\" class=\"so-panel widget widget_testimonials panel-first-child panel-last-child\" data-index=\"14\" ><h3 class=\"widget-title\">Resource Sector<\/h3><blockquote class=\"testimonial\"><p><span class=\"mark-first\"><\/span>We have a comprehensive range of machines imported from Germany, Italy, America and the Far East, offering steel plate and pipe cutting, punching and beveling solutions for the welding industry. <span class=\"mark-last\"><\/span><span class=\"author\">- References: Gemak, Neta.<\/span><\/p><\/blockquote><\/div><\/div><\/div><div id=\"pg-6338-8\"  class=\"panel-grid panel-no-style\" ><div id=\"pgc-6338-8-0\"  class=\"panel-grid-cell\" ><div id=\"panel-6338-8-0-0\" class=\"so-panel widget widget_sow-image panel-first-child panel-last-child\" data-index=\"15\" ><div class=\"so-widget-sow-image so-widget-sow-image-default-d6014b76747a-6338\">\n\n<div class=\"sow-image-container\">\n\t\t<img decoding=\"async\" src=\"https:\/\/habibmakina.com.tr\/wp-content\/uploads\/2023\/05\/endustriler-enerji-ruzgar-nukleer.png\" width=\"600\" height=\"300\" sizes=\"(max-width: 600px) 100vw, 600px\" title=\"industries-energy-wind-nuclear\" alt=\"\" loading=\"lazy\" \t\tclass=\"so-widget-image\"\/>\n\t<\/div>\n\n<\/div><\/div><\/div><div id=\"pgc-6338-8-1\"  class=\"panel-grid-cell\" ><div id=\"panel-6338-8-1-0\" class=\"so-panel widget widget_testimonials panel-first-child\" data-index=\"16\" ><h3 class=\"widget-title\">Energy Sector<\/h3><blockquote class=\"testimonial\"><p><span class=\"mark-first\"><\/span>As Habib Makina, we also play an important role in the energy sector. We support energy production and distribution projects with special machines imported from Germany, Italy, America and the Far East for steel plate and pipe cutting, drilling and beveling. We provide services to the following sub-sectors:<span class=\"mark-last\"><\/span><span class=\"author\">- References: ACD, R\u00f6nesans Holding, \u0130\u00c7DA\u015e, \u0130\u00c7TA\u015e, ENKA, \u00c7elikler Holding, Cengiz Enerji, Limak Enerji, CS Wind, Ate\u015felik, Gesbey<\/span><\/p><\/blockquote><\/div><div id=\"panel-6338-8-1-1\" class=\"so-panel widget widget_sow-editor panel-last-child\" data-index=\"17\" ><div class=\"so-widget-sow-editor so-widget-sow-editor-base\">\n<div class=\"siteorigin-widget-tinymce textwidget\">\n\t<h3>Fossil Fuels<\/h3>\n<p><span style=\"font-weight: 400;\">There are machines for steel plate and pipe processing for power plants running on fossil fuels such as oil, natural gas and coal, which we import from Germany, Italy, America and the Far East.<\/span><\/p>\n<\/div>\n<\/div><\/div><\/div><\/div><div id=\"pg-6338-9\"  class=\"panel-grid panel-no-style\" ><div id=\"pgc-6338-9-0\"  class=\"panel-grid-cell\" ><div id=\"panel-6338-9-0-0\" class=\"so-panel widget widget_sow-image panel-first-child panel-last-child\" data-index=\"18\" ><div class=\"so-widget-sow-image so-widget-sow-image-default-d6014b76747a-6338\">\n\n<div class=\"sow-image-container\">\n\t\t<img decoding=\"async\" src=\"https:\/\/habibmakina.com.tr\/wp-content\/uploads\/2023\/05\/endustriler-enerji-ruzgar.png\" width=\"600\" height=\"300\" sizes=\"(max-width: 600px) 100vw, 600px\" alt=\"\" loading=\"lazy\" \t\tclass=\"so-widget-image\"\/>\n\t<\/div>\n\n<\/div><\/div><\/div><div id=\"pgc-6338-9-1\"  class=\"panel-grid-cell\" ><div id=\"panel-6338-9-1-0\" class=\"so-panel widget widget_testimonials panel-first-child\" data-index=\"19\" ><h3 class=\"widget-title\">Wind Tower Construction Sector (Onshore and Offshore)<\/h3><blockquote class=\"testimonial\"><p><span class=\"mark-first\"><\/span>We have machines imported from Germany, Italy, the USA and the Far East with innovative technology for steel plate and tube processing in the construction of onshore and offshore wind towers. <span class=\"mark-last\"><\/span><span class=\"author\">- References: CS Wind, Ate\u015felik, Gesbey<\/span><\/p><\/blockquote><\/div><div id=\"panel-6338-9-1-1\" class=\"so-panel widget widget_sow-editor panel-last-child\" data-index=\"20\" ><div class=\"so-widget-sow-editor so-widget-sow-editor-base\">\n<div class=\"siteorigin-widget-tinymce textwidget\">\n\t<h3>Renewable Energy<\/h3>\n<p><span style=\"font-weight: 400;\">We also offer solutions for projects using renewable energy sources. Here are the renewable energy sectors we serve:<\/span><br \/>\n<b>1. Wind Energy<\/b><br \/>\n<span style=\"font-weight: 400;\">For the construction of onshore and offshore wind power plants, we provide support for steel plate and pipe cutting, drilling and beveling with machines imported from Germany, Italy, America and the Far East.\u00a0<\/span><br \/>\n<b>2. Hydroelectric Energy<\/b><br \/>\n<span style=\"font-weight: 400;\">We support the projects with the machines we import from Germany, Italy, America and the Far East to process steel plates and pipes used in hydroelectric power plants.<\/span><br \/>\n<b>3. Nuclear Energy<\/b><br \/>\n<span style=\"font-weight: 400;\">We are also involved in the nuclear energy sector. We contribute to the manufacturing and maintenance processes in nuclear power plants with special machines imported from Germany, Italy, America and the Far East for steel plate and pipe processing.<\/span><\/p>\n<\/div>\n<\/div><\/div><\/div><\/div><div id=\"pg-6338-10\"  class=\"panel-grid panel-no-style\" ><div id=\"pgc-6338-10-0\"  class=\"panel-grid-cell\" ><div id=\"panel-6338-10-0-0\" class=\"so-panel widget widget_sow-image panel-first-child panel-last-child\" data-index=\"21\" ><div class=\"so-widget-sow-image so-widget-sow-image-default-d6014b76747a-6338\">\n\n<div class=\"sow-image-container\">\n\t\t<img decoding=\"async\" src=\"https:\/\/habibmakina.com.tr\/wp-content\/uploads\/2023\/05\/endustriler-demiryolu.png\" width=\"600\" height=\"300\" sizes=\"(max-width: 600px) 100vw, 600px\" alt=\"\" loading=\"lazy\" \t\tclass=\"so-widget-image\"\/>\n\t<\/div>\n\n<\/div><\/div><\/div><div id=\"pgc-6338-10-1\"  class=\"panel-grid-cell\" ><div id=\"panel-6338-10-1-0\" class=\"so-panel widget widget_testimonials panel-first-child panel-last-child\" data-index=\"22\" ><h3 class=\"widget-title\">Railways Sector<\/h3><blockquote class=\"testimonial\"><p><span class=\"mark-first\"><\/span>Special machines imported from Germany, Italy, America and the Far East for cold cutting, drilling and beveling of steel plates and pipes offer precise solutions for infrastructure construction, maintenance and repair processes in the railway sector. <span class=\"mark-last\"><\/span><span class=\"author\">- References: Istanbul Rail, Advanced Railroad Construction Systems<\/span><\/p><\/blockquote><\/div><\/div><\/div><div id=\"pg-6338-11\"  class=\"panel-grid panel-no-style\" ><div id=\"pgc-6338-11-0\"  class=\"panel-grid-cell\" ><div id=\"panel-6338-11-0-0\" class=\"so-panel widget widget_sow-image panel-first-child panel-last-child\" data-index=\"23\" ><div class=\"so-widget-sow-image so-widget-sow-image-default-d6014b76747a-6338\">\n\n<div class=\"sow-image-container\">\n\t\t<img decoding=\"async\" src=\"https:\/\/habibmakina.com.tr\/wp-content\/uploads\/2023\/05\/endustriler-gemi-insa.png\" width=\"600\" height=\"300\" sizes=\"(max-width: 600px) 100vw, 600px\" alt=\"\" loading=\"lazy\" \t\tclass=\"so-widget-image\"\/>\n\t<\/div>\n\n<\/div><\/div><\/div><div id=\"pgc-6338-11-1\"  class=\"panel-grid-cell\" ><div id=\"panel-6338-11-1-0\" class=\"so-panel widget widget_testimonials panel-first-child panel-last-child\" data-index=\"24\" ><h3 class=\"widget-title\">Shipbuilding and Repair Sector<\/h3><blockquote class=\"testimonial\"><p><span class=\"mark-first\"><\/span>In shipbuilding and repair processes, we provide support for steel plate and pipe cutting, drilling and beveling with advanced technology machines imported from Germany, Italy, America and the Far East. <span class=\"mark-last\"><\/span><span class=\"author\">- References: Cemre Shipyard, Desan Shipyard, GEMAK, RMK Marine, Istanbul Shipyard, Kuzeystar Shipyard<\/span><\/p><\/blockquote><\/div><\/div><\/div><div id=\"pg-6338-12\"  class=\"panel-grid panel-no-style\" ><div id=\"pgc-6338-12-0\"  class=\"panel-grid-cell\" ><div id=\"panel-6338-12-0-0\" class=\"so-panel widget widget_sow-image panel-first-child panel-last-child\" data-index=\"25\" ><div class=\"so-widget-sow-image so-widget-sow-image-default-d6014b76747a-6338\">\n\n<div class=\"sow-image-container\">\n\t\t<img decoding=\"async\" src=\"https:\/\/habibmakina.com.tr\/wp-content\/uploads\/2023\/05\/endustriler-kazan-basincli.png\" width=\"600\" height=\"300\" sizes=\"(max-width: 600px) 100vw, 600px\" alt=\"\" loading=\"lazy\" \t\tclass=\"so-widget-image\"\/>\n\t<\/div>\n\n<\/div><\/div><\/div><div id=\"pgc-6338-12-1\"  class=\"panel-grid-cell\" ><div id=\"panel-6338-12-1-0\" class=\"so-panel widget widget_testimonials panel-first-child panel-last-child\" data-index=\"26\" ><h3 class=\"widget-title\">Boiler and Pressure Vessel Production Sector<\/h3><blockquote class=\"testimonial\"><p><span class=\"mark-first\"><\/span>The machines we import from Germany, Italy, America and the Far East offer precision steel plate and pipe cutting, drilling and beveling in the boiler and pressure vessel production sector. <span class=\"mark-last\"><\/span><span class=\"author\">- References: Tekfen Holding, Kartal Bombe Industry, K\u00fcmsan, \u00c7EL\u0130KB\u0130LEK Machinery Industry<\/span><\/p><\/blockquote><\/div><\/div><\/div><div id=\"pg-6338-13\"  class=\"panel-grid panel-no-style\" ><div id=\"pgc-6338-13-0\"  class=\"panel-grid-cell\" ><div id=\"panel-6338-13-0-0\" class=\"so-panel widget widget_sow-image panel-first-child panel-last-child\" data-index=\"27\" ><div class=\"so-widget-sow-image so-widget-sow-image-default-d6014b76747a-6338\">\n\n<div class=\"sow-image-container\">\n\t\t<img decoding=\"async\" src=\"https:\/\/habibmakina.com.tr\/wp-content\/uploads\/2023\/05\/endustriler-diger.png\" width=\"600\" height=\"300\" sizes=\"(max-width: 600px) 100vw, 600px\" alt=\"\" loading=\"lazy\" \t\tclass=\"so-widget-image\"\/>\n\t<\/div>\n\n<\/div><\/div><\/div><div id=\"pgc-6338-13-1\"  class=\"panel-grid-cell\" ><div id=\"panel-6338-13-1-0\" class=\"so-panel widget widget_testimonials panel-first-child panel-last-child\" data-index=\"28\" ><h3 class=\"widget-title\">Other Industries<\/h3><blockquote class=\"testimonial\"><p><span class=\"mark-first\"><\/span>In addition to the sectors mentioned above, we also serve a variety of other industries that need steel plate and tube cutting, drilling and beveling solutions. <span class=\"mark-last\"><\/span><span class=\"author\">- References: Aksa, Ar\u00e7elik, Limak, Tekfen Holding, Tos\u00e7elik, Turkish Petroleum, T\u00fcpra\u015f, Zorlu Center, Akkuyu Power Plant<\/span><\/p><\/blockquote><\/div><\/div><\/div><div id=\"pg-6338-14\"  class=\"panel-grid panel-no-style\" ><div id=\"pgc-6338-14-0\"  class=\"panel-grid-cell\" ><div id=\"panel-6338-14-0-0\" class=\"so-panel widget widget_sow-editor panel-first-child panel-last-child\" data-index=\"29\" ><div class=\"so-widget-sow-editor so-widget-sow-editor-base\">\n<div class=\"siteorigin-widget-tinymce textwidget\">\n\t<p>As Habib Makina, we prioritize the satisfaction of our customers and ensure the timely delivery of our machines and spare parts imported from Germany, Italy, America and the Far East.<\/p>\n<p>Our expert team supports our customers with engineering consultancy and technical services.<\/p>\n<p>We also work hard to ensure business continuity with our fast delivery time.<\/p>\n<p>Thus, we enable our customers to perform their work more effectively and efficiently.<\/p>\n<p>Contact us at 0212-320-7800 or <a href=\"mailto:info@habibmakina.com.tr\">info@habibmakina.com.tr<\/a>You can contact us at.<\/p>\n<\/div>\n<\/div><\/div><\/div><\/div><\/div>","protected":false},"excerpt":{"rendered":"<p>Habib Makina olarak, 43 y\u0131ld\u0131r geni\u015f bir end\u00fcstri yelpazesine y\u00f6nelik y\u00fcksek kaliteli makineler ve ekipman sa\u011flama konusunda uzmanla\u015ft\u0131k. Uzmanl\u0131k alan\u0131m\u0131z ba\u015fl\u0131ca \u00e7elik plaka ve boru kesme, delme ve kaynak a\u011fz\u0131 a\u00e7ma makinalar\u0131d\u0131r. Avrupa, Amerika ve Uzakdo\u011fudan ithalat\u00e7\u0131s\u0131 oldu\u011fumuz yenilik\u00e7i teknolojiler ve \u00f6zverili hizmetimizle m\u00fc\u015fterilerimize 43 senedir hizmet veriyoruz. \u0130thal etti\u011fimiz makinelerin ve yedek par\u00e7alar\u0131m\u0131z\u0131n k\u0131sa [&hellip;]<\/p>\n","protected":false},"author":27,"featured_media":0,"parent":0,"menu_order":0,"comment_status":"closed","ping_status":"closed","template":"","meta":{"_joinchat":[],"footnotes":""},"class_list":["post-6338","page","type-page","status-publish","hentry"],"_links":{"self":[{"href":"https:\/\/habibmakina.com.tr\/en\/wp-json\/wp\/v2\/pages\/6338"}],"collection":[{"href":"https:\/\/habibmakina.com.tr\/en\/wp-json\/wp\/v2\/pages"}],"about":[{"href":"https:\/\/habibmakina.com.tr\/en\/wp-json\/wp\/v2\/types\/page"}],"author":[{"embeddable":true,"href":"https:\/\/habibmakina.com.tr\/en\/wp-json\/wp\/v2\/users\/27"}],"replies":[{"embeddable":true,"href":"https:\/\/habibmakina.com.tr\/en\/wp-json\/wp\/v2\/comments?post=6338"}],"version-history":[{"count":22,"href":"https:\/\/habibmakina.com.tr\/en\/wp-json\/wp\/v2\/pages\/6338\/revisions"}],"predecessor-version":[{"id":6381,"href":"https:\/\/habibmakina.com.tr\/en\/wp-json\/wp\/v2\/pages\/6338\/revisions\/6381"}],"wp:attachment":[{"href":"https:\/\/habibmakina.com.tr\/en\/wp-json\/wp\/v2\/media?parent=6338"}],"curies":[{"name":"wp","href":"https:\/\/api.w.org\/{rel}","templated":true}]}}