{"id":5306,"date":"2021-08-20T12:07:01","date_gmt":"2021-08-20T09:07:01","guid":{"rendered":"http:\/\/habibmakina.com.tr\/?page_id=5306"},"modified":"2021-08-20T12:10:42","modified_gmt":"2021-08-20T09:10:42","slug":"newsletter-kayit-2","status":"publish","type":"page","link":"https:\/\/habibmakina.com.tr\/en\/newsletter-kayit-2\/","title":{"rendered":"Newsletter Kay\u0131t 2"},"content":{"rendered":"<div id=\"pl-5306\"  class=\"panel-layout\" ><div id=\"pg-5306-0\"  class=\"panel-grid panel-no-style\" ><div id=\"pgc-5306-0-0\"  class=\"panel-grid-cell\" ><div id=\"panel-5306-0-0-0\" class=\"so-panel widget widget_sow-editor panel-first-child panel-last-child\" data-index=\"0\" ><div class=\"so-widget-sow-editor so-widget-sow-editor-base\">\n<div class=\"siteorigin-widget-tinymce textwidget\">\n\t<h2>BDS'nin t\u00fcm \u00fcr\u00fcn bro\u015f\u00fcrleri T\u00fcrk\u00e7e olarak sizleri bekliyor. Yapman\u0131z gereken sadece a\u015fa\u011f\u0131daki formu doldurmak ve ge\u00e7erli bir mail adresi yazmak.<\/h2>\n<\/div>\n<\/div><\/div><\/div><\/div><div id=\"pg-5306-1\"  class=\"panel-grid panel-no-style\" ><div id=\"pgc-5306-1-0\"  class=\"panel-grid-cell\" ><div id=\"panel-5306-1-0-0\" class=\"so-panel widget panel-first-child panel-last-child\" data-index=\"1\" ><\/div><\/div><\/div><\/div>","protected":false},"excerpt":{"rendered":"<p>BDS&#8217;nin t\u00fcm \u00fcr\u00fcn bro\u015f\u00fcrleri T\u00fcrk\u00e7e olarak sizleri bekliyor. Yapman\u0131z gereken sadece a\u015fa\u011f\u0131daki formu doldurmak ve ge\u00e7erli bir mail adresi yazmak.<\/p>","protected":false},"author":27,"featured_media":0,"parent":0,"menu_order":0,"comment_status":"closed","ping_status":"closed","template":"","meta":{"_joinchat":[],"footnotes":""},"class_list":["post-5306","page","type-page","status-publish","hentry"],"_links":{"self":[{"href":"https:\/\/habibmakina.com.tr\/en\/wp-json\/wp\/v2\/pages\/5306"}],"collection":[{"href":"https:\/\/habibmakina.com.tr\/en\/wp-json\/wp\/v2\/pages"}],"about":[{"href":"https:\/\/habibmakina.com.tr\/en\/wp-json\/wp\/v2\/types\/page"}],"author":[{"embeddable":true,"href":"https:\/\/habibmakina.com.tr\/en\/wp-json\/wp\/v2\/users\/27"}],"replies":[{"embeddable":true,"href":"https:\/\/habibmakina.com.tr\/en\/wp-json\/wp\/v2\/comments?post=5306"}],"version-history":[{"count":4,"href":"https:\/\/habibmakina.com.tr\/en\/wp-json\/wp\/v2\/pages\/5306\/revisions"}],"predecessor-version":[{"id":5311,"href":"https:\/\/habibmakina.com.tr\/en\/wp-json\/wp\/v2\/pages\/5306\/revisions\/5311"}],"wp:attachment":[{"href":"https:\/\/habibmakina.com.tr\/en\/wp-json\/wp\/v2\/media?parent=5306"}],"curies":[{"name":"wp","href":"https:\/\/api.w.org\/{rel}","templated":true}]}}