{"id":3337,"date":"2020-07-02T13:18:28","date_gmt":"2020-07-02T10:18:28","guid":{"rendered":"https:\/\/habib.liliz.life\/magaza\/"},"modified":"2021-06-14T13:14:45","modified_gmt":"2021-06-14T10:14:45","slug":"magaza","status":"publish","type":"page","link":"https:\/\/habibmakina.com.tr\/en\/magaza\/","title":{"rendered":"Ma\u011faza"},"content":{"rendered":"<h2 style=\"text-align: center;\"><span style=\"color: #ff0000;\"><strong>\u00dcyelerimize %5 indirim ve daha fazlas\u0131 i\u00e7in hemen sat\u0131n al\u0131n<\/strong><\/span><\/h2>\n<h3 style=\"text-align: center;\">Kalan S\u00fcre:<\/h3>\n[wpdevart_countdown text_for_day=&#8221;G\u00fcn&#8221; text_for_hour=&#8221;Saat&#8221; text_for_minut=&#8221;Dakika&#8221; text_for_second=&#8221;Saniye&#8221; countdown_end_type=&#8221;time&#8221; font_color=&#8221;#000000&#8243; hide_on_mobile=&#8221;show&#8221; redirect_url=&#8221;&#8221; end_date=&#8221;14-06-2021 23:59&#8243; start_time=&#8221;1623665664&#8243; end_time=&#8221;30,0,0&#8243; action_end_time=&#8221;hide&#8221; content_position=&#8221;center&#8221; top_ditance=&#8221;10&#8243; bottom_distance=&#8221;10&#8243; ][\/wpdevart_countdown]\n<h2>Ma\u011fazam\u0131zda \u00fcr\u00fcnlere, \u00fcyelik sistemine \u00f6zel indirimler uygulanmaktad\u0131r. Sisteme bireysel olarak kay\u0131t olan t\u00fcm \u00fcyelerimize Ho\u015f Geldiniz Kampanyas\u0131 olarak %5 indirim sa\u011flanmaktad\u0131r. Bayi ve Kurumsal \u00fcyelik ve \u00f6zel indirimler i\u00e7in, \u00fcye olduktan sonra bizimle +90 212 320 78 00&#8217;dan temasa ge\u00e7iniz.<\/h2>\n<h2><strong>D\u00fcnyada &#8220;Markal&#8221;\u0131 Tercih Eden Lider Otomotiv \u00dcreticileri<\/strong><\/h2>\n<hr \/>\n\n\t<div class=\"gs_logo_area gs_logo_area_69e9dae507659 slider1\" style=\"opacity: 0; visibility: hidden;\">\n\t\t<div class=\"gs_logo_area--inner\">\n\n\t\t\t\n<div class=\"gs_logo_container gs_carousel_swiper gs_logo_fix_height_and_center\" data-carousel-config='{\"direction\":\"horizontal\",\"speed\":500,\"isAutoplay\":true,\"autoplayDelay\":2000,\"loop\":true,\"pauseOnHover\":true,\"ticker\":false,\"navs\":true,\"navs_pos\":\"bottom\",\"dots\":false,\"dynamic_dots\":true,\"slideSpace\":10,\"slidesPerGroup\":1,\"desktopLogos\":5,\"tabletLogos\":3,\"mobileLogos\":2,\"reverseDirection\":false}'>\n\n\t\n\t\t\n\t\t\t<div class=\"gs_logo_single--wrapper\">\n\t\t\t\t<div class=\"gs_logo_single\">\n\n\t\t\t\t\t<!-- Logo Title -->\n\t\t\t\t\t<img loading=\"lazy\" decoding=\"async\" width=\"100\" height=\"100\" src=\"https:\/\/habibmakina.com.tr\/wp-content\/uploads\/2020\/07\/renault-e1623155630940.png\" class=\"gs-logo--img wp-post-image\" alt=\"\" title=\"Renault\" \/>\n\t\t\t\t\t<!-- Logo Title -->\n\t\t\t\t\t\t\t\t\t\t\n\t\t\t\t<\/div>\n\t\t\t<\/div>\n\n\t\t\n\t\t\t<div class=\"gs_logo_single--wrapper\">\n\t\t\t\t<div class=\"gs_logo_single\">\n\n\t\t\t\t\t<!-- Logo Title -->\n\t\t\t\t\t<img loading=\"lazy\" decoding=\"async\" width=\"300\" height=\"300\" src=\"https:\/\/habibmakina.com.tr\/wp-content\/uploads\/2020\/07\/peugeot.png\" class=\"gs-logo--img wp-post-image\" alt=\"\" title=\"Peugeot\" srcset=\"https:\/\/habibmakina.com.tr\/wp-content\/uploads\/2020\/07\/peugeot.png 300w, https:\/\/habibmakina.com.tr\/wp-content\/uploads\/2020\/07\/peugeot-247x247.png 247w, https:\/\/habibmakina.com.tr\/wp-content\/uploads\/2020\/07\/peugeot-100x100.png 100w, https:\/\/habibmakina.com.tr\/wp-content\/uploads\/2020\/07\/peugeot-150x150.png 150w\" sizes=\"(max-width: 300px) 100vw, 300px\" \/>\n\t\t\t\t\t<!-- Logo Title -->\n\t\t\t\t\t\t\t\t\t\t\n\t\t\t\t<\/div>\n\t\t\t<\/div>\n\n\t\t\n\t\t\t<div class=\"gs_logo_single--wrapper\">\n\t\t\t\t<div class=\"gs_logo_single\">\n\n\t\t\t\t\t<!-- Logo Title -->\n\t\t\t\t\t<img loading=\"lazy\" decoding=\"async\" width=\"300\" height=\"300\" src=\"https:\/\/habibmakina.com.tr\/wp-content\/uploads\/2020\/07\/citroen.png\" class=\"gs-logo--img wp-post-image\" alt=\"\" title=\"Citroen\" srcset=\"https:\/\/habibmakina.com.tr\/wp-content\/uploads\/2020\/07\/citroen.png 300w, https:\/\/habibmakina.com.tr\/wp-content\/uploads\/2020\/07\/citroen-247x247.png 247w, https:\/\/habibmakina.com.tr\/wp-content\/uploads\/2020\/07\/citroen-100x100.png 100w, https:\/\/habibmakina.com.tr\/wp-content\/uploads\/2020\/07\/citroen-150x150.png 150w\" sizes=\"(max-width: 300px) 100vw, 300px\" \/>\n\t\t\t\t\t<!-- Logo Title -->\n\t\t\t\t\t\t\t\t\t\t\n\t\t\t\t<\/div>\n\t\t\t<\/div>\n\n\t\t\n\t\t\t<div class=\"gs_logo_single--wrapper\">\n\t\t\t\t<div class=\"gs_logo_single\">\n\n\t\t\t\t\t<!-- Logo Title -->\n\t\t\t\t\t<img loading=\"lazy\" decoding=\"async\" width=\"300\" height=\"300\" src=\"https:\/\/habibmakina.com.tr\/wp-content\/uploads\/2020\/07\/opel.png\" class=\"gs-logo--img wp-post-image\" alt=\"\" title=\"Opel\" srcset=\"https:\/\/habibmakina.com.tr\/wp-content\/uploads\/2020\/07\/opel.png 300w, https:\/\/habibmakina.com.tr\/wp-content\/uploads\/2020\/07\/opel-247x247.png 247w, https:\/\/habibmakina.com.tr\/wp-content\/uploads\/2020\/07\/opel-100x100.png 100w, https:\/\/habibmakina.com.tr\/wp-content\/uploads\/2020\/07\/opel-150x150.png 150w\" sizes=\"(max-width: 300px) 100vw, 300px\" \/>\n\t\t\t\t\t<!-- Logo Title -->\n\t\t\t\t\t\t\t\t\t\t\n\t\t\t\t<\/div>\n\t\t\t<\/div>\n\n\t\t\n\t\t\t<div class=\"gs_logo_single--wrapper\">\n\t\t\t\t<div class=\"gs_logo_single\">\n\n\t\t\t\t\t<!-- Logo Title -->\n\t\t\t\t\t<img loading=\"lazy\" decoding=\"async\" width=\"300\" height=\"300\" src=\"https:\/\/habibmakina.com.tr\/wp-content\/uploads\/2020\/07\/seat.png\" class=\"gs-logo--img wp-post-image\" alt=\"\" title=\"Seat\" srcset=\"https:\/\/habibmakina.com.tr\/wp-content\/uploads\/2020\/07\/seat.png 300w, https:\/\/habibmakina.com.tr\/wp-content\/uploads\/2020\/07\/seat-247x247.png 247w, https:\/\/habibmakina.com.tr\/wp-content\/uploads\/2020\/07\/seat-100x100.png 100w, https:\/\/habibmakina.com.tr\/wp-content\/uploads\/2020\/07\/seat-150x150.png 150w\" sizes=\"(max-width: 300px) 100vw, 300px\" \/>\n\t\t\t\t\t<!-- Logo Title -->\n\t\t\t\t\t\t\t\t\t\t\n\t\t\t\t<\/div>\n\t\t\t<\/div>\n\n\t\t\n\t\t\t<div class=\"gs_logo_single--wrapper\">\n\t\t\t\t<div class=\"gs_logo_single\">\n\n\t\t\t\t\t<!-- Logo Title -->\n\t\t\t\t\t<img loading=\"lazy\" decoding=\"async\" width=\"300\" height=\"300\" src=\"https:\/\/habibmakina.com.tr\/wp-content\/uploads\/2020\/07\/fiat.png\" class=\"gs-logo--img wp-post-image\" alt=\"\" title=\"Fiat\" srcset=\"https:\/\/habibmakina.com.tr\/wp-content\/uploads\/2020\/07\/fiat.png 300w, https:\/\/habibmakina.com.tr\/wp-content\/uploads\/2020\/07\/fiat-247x247.png 247w, https:\/\/habibmakina.com.tr\/wp-content\/uploads\/2020\/07\/fiat-100x100.png 100w, https:\/\/habibmakina.com.tr\/wp-content\/uploads\/2020\/07\/fiat-150x150.png 150w\" sizes=\"(max-width: 300px) 100vw, 300px\" \/>\n\t\t\t\t\t<!-- Logo Title -->\n\t\t\t\t\t\t\t\t\t\t\n\t\t\t\t<\/div>\n\t\t\t<\/div>\n\n\t\t\n\t\t\t<div class=\"gs_logo_single--wrapper\">\n\t\t\t\t<div class=\"gs_logo_single\">\n\n\t\t\t\t\t<!-- Logo Title -->\n\t\t\t\t\t<img loading=\"lazy\" decoding=\"async\" width=\"300\" height=\"300\" src=\"https:\/\/habibmakina.com.tr\/wp-content\/uploads\/2020\/07\/chrysler.png\" class=\"gs-logo--img wp-post-image\" alt=\"\" title=\"Chrysler\" srcset=\"https:\/\/habibmakina.com.tr\/wp-content\/uploads\/2020\/07\/chrysler.png 300w, https:\/\/habibmakina.com.tr\/wp-content\/uploads\/2020\/07\/chrysler-247x247.png 247w, https:\/\/habibmakina.com.tr\/wp-content\/uploads\/2020\/07\/chrysler-100x100.png 100w, https:\/\/habibmakina.com.tr\/wp-content\/uploads\/2020\/07\/chrysler-150x150.png 150w\" sizes=\"(max-width: 300px) 100vw, 300px\" \/>\n\t\t\t\t\t<!-- Logo Title -->\n\t\t\t\t\t\t\t\t\t\t\n\t\t\t\t<\/div>\n\t\t\t<\/div>\n\n\t\t\n\t\t\t<div class=\"gs_logo_single--wrapper\">\n\t\t\t\t<div class=\"gs_logo_single\">\n\n\t\t\t\t\t<!-- Logo Title -->\n\t\t\t\t\t<img loading=\"lazy\" decoding=\"async\" width=\"300\" height=\"300\" src=\"https:\/\/habibmakina.com.tr\/wp-content\/uploads\/2020\/07\/dodge.png\" class=\"gs-logo--img wp-post-image\" alt=\"\" title=\"Dodge\" srcset=\"https:\/\/habibmakina.com.tr\/wp-content\/uploads\/2020\/07\/dodge.png 300w, https:\/\/habibmakina.com.tr\/wp-content\/uploads\/2020\/07\/dodge-247x247.png 247w, https:\/\/habibmakina.com.tr\/wp-content\/uploads\/2020\/07\/dodge-100x100.png 100w, https:\/\/habibmakina.com.tr\/wp-content\/uploads\/2020\/07\/dodge-150x150.png 150w\" sizes=\"(max-width: 300px) 100vw, 300px\" \/>\n\t\t\t\t\t<!-- Logo Title -->\n\t\t\t\t\t\t\t\t\t\t\n\t\t\t\t<\/div>\n\t\t\t<\/div>\n\n\t\t\n\t\t\t<div class=\"gs_logo_single--wrapper\">\n\t\t\t\t<div class=\"gs_logo_single\">\n\n\t\t\t\t\t<!-- Logo Title -->\n\t\t\t\t\t<img loading=\"lazy\" decoding=\"async\" width=\"300\" height=\"300\" src=\"https:\/\/habibmakina.com.tr\/wp-content\/uploads\/2020\/07\/toyota.png\" class=\"gs-logo--img wp-post-image\" alt=\"\" title=\"Toyota\" srcset=\"https:\/\/habibmakina.com.tr\/wp-content\/uploads\/2020\/07\/toyota.png 300w, https:\/\/habibmakina.com.tr\/wp-content\/uploads\/2020\/07\/toyota-247x247.png 247w, https:\/\/habibmakina.com.tr\/wp-content\/uploads\/2020\/07\/toyota-100x100.png 100w, https:\/\/habibmakina.com.tr\/wp-content\/uploads\/2020\/07\/toyota-150x150.png 150w\" sizes=\"(max-width: 300px) 100vw, 300px\" \/>\n\t\t\t\t\t<!-- Logo Title -->\n\t\t\t\t\t\t\t\t\t\t\n\t\t\t\t<\/div>\n\t\t\t<\/div>\n\n\t\t\n\t\t\t<div class=\"gs_logo_single--wrapper\">\n\t\t\t\t<div class=\"gs_logo_single\">\n\n\t\t\t\t\t<!-- Logo Title -->\n\t\t\t\t\t<img loading=\"lazy\" decoding=\"async\" width=\"300\" height=\"300\" src=\"https:\/\/habibmakina.com.tr\/wp-content\/uploads\/2020\/07\/kia.png\" class=\"gs-logo--img wp-post-image\" alt=\"\" title=\"Kia\" srcset=\"https:\/\/habibmakina.com.tr\/wp-content\/uploads\/2020\/07\/kia.png 300w, https:\/\/habibmakina.com.tr\/wp-content\/uploads\/2020\/07\/kia-247x247.png 247w, https:\/\/habibmakina.com.tr\/wp-content\/uploads\/2020\/07\/kia-100x100.png 100w, https:\/\/habibmakina.com.tr\/wp-content\/uploads\/2020\/07\/kia-150x150.png 150w\" sizes=\"(max-width: 300px) 100vw, 300px\" \/>\n\t\t\t\t\t<!-- Logo Title -->\n\t\t\t\t\t\t\t\t\t\t\n\t\t\t\t<\/div>\n\t\t\t<\/div>\n\n\t\t\n\t\t\t<div class=\"gs_logo_single--wrapper\">\n\t\t\t\t<div class=\"gs_logo_single\">\n\n\t\t\t\t\t<!-- Logo Title -->\n\t\t\t\t\t<img loading=\"lazy\" decoding=\"async\" width=\"300\" height=\"300\" src=\"https:\/\/habibmakina.com.tr\/wp-content\/uploads\/2020\/07\/hyundai.png\" class=\"gs-logo--img wp-post-image\" alt=\"\" title=\"Hyundai\" srcset=\"https:\/\/habibmakina.com.tr\/wp-content\/uploads\/2020\/07\/hyundai.png 300w, https:\/\/habibmakina.com.tr\/wp-content\/uploads\/2020\/07\/hyundai-247x247.png 247w, https:\/\/habibmakina.com.tr\/wp-content\/uploads\/2020\/07\/hyundai-100x100.png 100w, https:\/\/habibmakina.com.tr\/wp-content\/uploads\/2020\/07\/hyundai-150x150.png 150w\" sizes=\"(max-width: 300px) 100vw, 300px\" \/>\n\t\t\t\t\t<!-- Logo Title -->\n\t\t\t\t\t\t\t\t\t\t\n\t\t\t\t<\/div>\n\t\t\t<\/div>\n\n\t\t\n\t\t\t<div class=\"gs_logo_single--wrapper\">\n\t\t\t\t<div class=\"gs_logo_single\">\n\n\t\t\t\t\t<!-- Logo Title -->\n\t\t\t\t\t<img loading=\"lazy\" decoding=\"async\" width=\"300\" height=\"300\" src=\"https:\/\/habibmakina.com.tr\/wp-content\/uploads\/2020\/07\/bosch.png\" class=\"gs-logo--img wp-post-image\" alt=\"\" title=\"Bosch\" srcset=\"https:\/\/habibmakina.com.tr\/wp-content\/uploads\/2020\/07\/bosch.png 300w, https:\/\/habibmakina.com.tr\/wp-content\/uploads\/2020\/07\/bosch-247x247.png 247w, https:\/\/habibmakina.com.tr\/wp-content\/uploads\/2020\/07\/bosch-100x100.png 100w, https:\/\/habibmakina.com.tr\/wp-content\/uploads\/2020\/07\/bosch-150x150.png 150w\" sizes=\"(max-width: 300px) 100vw, 300px\" \/>\n\t\t\t\t\t<!-- Logo Title -->\n\t\t\t\t\t\t\t\t\t\t\n\t\t\t\t<\/div>\n\t\t\t<\/div>\n\n\t\t\t\t\n\t\n<\/div>\n\t\t<\/div>\n\t<\/div>\n\n\t\n<hr \/>\n[woof]","protected":false},"excerpt":{"rendered":"<p>\u00dcyelerimize %5 indirim ve daha fazlas\u0131 i\u00e7in hemen sat\u0131n al\u0131n Kalan S\u00fcre: [wpdevart_countdown text_for_day=&#8221;G\u00fcn&#8221; text_for_hour=&#8221;Saat&#8221; text_for_minut=&#8221;Dakika&#8221; text_for_second=&#8221;Saniye&#8221; countdown_end_type=&#8221;time&#8221; font_color=&#8221;#000000&#8243; hide_on_mobile=&#8221;show&#8221; redirect_url=&#8221;&#8221; end_date=&#8221;14-06-2021 23:59&#8243; start_time=&#8221;1623665664&#8243; end_time=&#8221;30,0,0&#8243; action_end_time=&#8221;hide&#8221; content_position=&#8221;center&#8221; top_ditance=&#8221;10&#8243; bottom_distance=&#8221;10&#8243; ][\/wpdevart_countdown] Ma\u011fazam\u0131zda \u00fcr\u00fcnlere, \u00fcyelik sistemine \u00f6zel indirimler uygulanmaktad\u0131r. Sisteme bireysel olarak kay\u0131t olan t\u00fcm \u00fcyelerimize Ho\u015f Geldiniz Kampanyas\u0131 olarak %5 indirim sa\u011flanmaktad\u0131r. Bayi ve Kurumsal \u00fcyelik [&hellip;]<\/p>\n","protected":false},"author":1,"featured_media":0,"parent":0,"menu_order":0,"comment_status":"closed","ping_status":"closed","template":"","meta":{"_joinchat":[],"footnotes":""},"class_list":["post-3337","page","type-page","status-publish","hentry"],"_links":{"self":[{"href":"https:\/\/habibmakina.com.tr\/en\/wp-json\/wp\/v2\/pages\/3337"}],"collection":[{"href":"https:\/\/habibmakina.com.tr\/en\/wp-json\/wp\/v2\/pages"}],"about":[{"href":"https:\/\/habibmakina.com.tr\/en\/wp-json\/wp\/v2\/types\/page"}],"author":[{"embeddable":true,"href":"https:\/\/habibmakina.com.tr\/en\/wp-json\/wp\/v2\/users\/1"}],"replies":[{"embeddable":true,"href":"https:\/\/habibmakina.com.tr\/en\/wp-json\/wp\/v2\/comments?post=3337"}],"version-history":[{"count":46,"href":"https:\/\/habibmakina.com.tr\/en\/wp-json\/wp\/v2\/pages\/3337\/revisions"}],"predecessor-version":[{"id":5116,"href":"https:\/\/habibmakina.com.tr\/en\/wp-json\/wp\/v2\/pages\/3337\/revisions\/5116"}],"wp:attachment":[{"href":"https:\/\/habibmakina.com.tr\/en\/wp-json\/wp\/v2\/media?parent=3337"}],"curies":[{"name":"wp","href":"https:\/\/api.w.org\/{rel}","templated":true}]}}