{"id":283,"date":"2014-02-10T23:06:41","date_gmt":"2014-02-10T21:06:41","guid":{"rendered":"https:\/\/habib.liliz.life\/?page_id=283"},"modified":"2020-11-16T16:55:19","modified_gmt":"2020-11-16T13:55:19","slug":"bds","status":"publish","type":"page","link":"https:\/\/habibmakina.com.tr\/en\/bds\/","title":{"rendered":"BDS"},"content":{"rendered":"<p><strong>Manyetik Matkaplar\u0131 T\u00fcrkiye&#8217;ye \u0130lk Tan\u0131tan \u015eirket Olman\u0131n Gururunu Ya\u015f\u0131yoruz Alman BDS Maschinen Firmas\u0131n\u0131n 25 Y\u0131ld\u0131r \u0130lk \u0130thalat\u00e7\u0131 ve Distrib\u00fct\u00f6r\u00fc Habib Makina&#8217;d\u0131r.<\/strong><\/p>","protected":false},"excerpt":{"rendered":"<p>Manyetik Matkaplar\u0131 T\u00fcrkiye&#8217;ye \u0130lk Tan\u0131tan \u015eirket Olman\u0131n Gururunu Ya\u015f\u0131yoruz Alman BDS Maschinen Firmas\u0131n\u0131n 25 Y\u0131ld\u0131r \u0130lk \u0130thalat\u00e7\u0131 ve Distrib\u00fct\u00f6r\u00fc Habib Makina&#8217;d\u0131r.<\/p>","protected":false},"author":1,"featured_media":0,"parent":0,"menu_order":0,"comment_status":"open","ping_status":"closed","template":"","meta":{"_joinchat":[],"footnotes":""},"class_list":["post-283","page","type-page","status-publish","hentry"],"_links":{"self":[{"href":"https:\/\/habibmakina.com.tr\/en\/wp-json\/wp\/v2\/pages\/283"}],"collection":[{"href":"https:\/\/habibmakina.com.tr\/en\/wp-json\/wp\/v2\/pages"}],"about":[{"href":"https:\/\/habibmakina.com.tr\/en\/wp-json\/wp\/v2\/types\/page"}],"author":[{"embeddable":true,"href":"https:\/\/habibmakina.com.tr\/en\/wp-json\/wp\/v2\/users\/1"}],"replies":[{"embeddable":true,"href":"https:\/\/habibmakina.com.tr\/en\/wp-json\/wp\/v2\/comments?post=283"}],"version-history":[{"count":3,"href":"https:\/\/habibmakina.com.tr\/en\/wp-json\/wp\/v2\/pages\/283\/revisions"}],"predecessor-version":[{"id":4636,"href":"https:\/\/habibmakina.com.tr\/en\/wp-json\/wp\/v2\/pages\/283\/revisions\/4636"}],"wp:attachment":[{"href":"https:\/\/habibmakina.com.tr\/en\/wp-json\/wp\/v2\/media?parent=283"}],"curies":[{"name":"wp","href":"https:\/\/api.w.org\/{rel}","templated":true}]}}