{"id":153,"date":"2014-01-20T16:26:02","date_gmt":"2014-01-20T14:26:02","guid":{"rendered":"http:\/\/drsosyal.com\/hmakina\/?page_id=100"},"modified":"2023-05-04T18:02:47","modified_gmt":"2023-05-04T15:02:47","slug":"metal-processing","status":"publish","type":"page","link":"https:\/\/habibmakina.com.tr\/en\/metal-isleme\/","title":{"rendered":"Metal Processing"},"content":{"rendered":"<p>Products for Steel Construction, Energy Sector, Shipbuilding, Repair Sectors<\/p>\n<h2>German, Italian and American Goods<\/h2>\n<h2>Importer and Seller of Top Quality Machines<\/h2>\n<div class=\"boxes clearfix\">\n<div class=\"box three first\"><a href=\"http:\/\/habibmakina.com.tr\/en\/products\/welding-machine-for-g-b-c-sheet-metal\/\"><img decoding=\"async\" src=\"http:\/\/habibmakina.com.tr\/wp-content\/uploads\/2014\/02\/gbc.jpg\" alt=\"\" \/><\/a><\/div>\n<div class=\"box three\"><a href=\"http:\/\/habibmakina.com.tr\/en\/?taxonomy=product_categories&amp;term=karnasch-manyetik-matkaplar\"><img decoding=\"async\" src=\"http:\/\/habibmakina.com.tr\/wp-content\/uploads\/2014\/02\/Karnasch.jpg\" alt=\"\" \/><\/a><\/div>\n<div class=\"box three last\"><a href=\"http:\/\/habibmakina.com.tr\/en\/products\/profibasic-magnetic-drills\/\"><img decoding=\"async\" src=\"http:\/\/habibmakina.com.tr\/wp-content\/uploads\/2014\/02\/BDS_Maschinen.jpg\" alt=\"\" \/><\/a><\/div>\n<\/div>\n<div class=\"boxes clearfix\">\n<div class=\"box three first\"><a href=\"http:\/\/habibmakina.com.tr\/en\/?taxonomy=product_categories&amp;term=cibo-asindiricilar\"><img decoding=\"async\" src=\"http:\/\/habibmakina.com.tr\/wp-content\/uploads\/2014\/02\/cibo.jpg\" alt=\"\" \/><\/a><\/div>\n<div class=\"box three\"><a href=\"http:\/\/habibmakina.com.tr\/en\/products\/universal-electric-tools\/\"><img decoding=\"async\" src=\"http:\/\/habibmakina.com.tr\/wp-content\/uploads\/2014\/02\/Universal.jpg\" alt=\"\" \/><\/a><\/div>\n<div class=\"box three last\"><a href=\"http:\/\/habibmakina.com.tr\/en\/?taxonomy=product_categories&amp;term=standart-abrasives-asindiricilar\"><img decoding=\"async\" src=\"http:\/\/habibmakina.com.tr\/wp-content\/uploads\/2014\/02\/standard_abrasives.jpg\" alt=\"\" \/><\/a><\/div>\n<\/div>\n<div class=\"boxes clearfix\">\n<div class=\"box three first\"><a href=\"http:\/\/habibmakina.com.tr\/en\/?taxonomy=product_categories&amp;term=teknomec-inverter-kaynak\"><img decoding=\"async\" src=\"http:\/\/habibmakina.com.tr\/wp-content\/uploads\/2014\/02\/Tecnomec_new.jpg\" alt=\"\" \/><\/a><\/div>\n<div class=\"box three\"><a href=\"http:\/\/habibmakina.com.tr\/en\/products\/liquid-paint-marking-pens\/\"><img loading=\"lazy\" decoding=\"async\" class=\"alignnone size-full wp-image-6303\" src=\"http:\/\/habibmakina.com.tr\/wp-content\/uploads\/2023\/05\/Markal-Yeni-Logo.jpg\" alt=\"\" width=\"500\" height=\"300\" \/><\/a><\/div>\n<div class=\"box three last\"><a href=\"http:\/\/habibmakina.com.tr\/en\/?taxonomy=product_categories&amp;term=walker-sondaj-makinalari\"><img decoding=\"async\" src=\"http:\/\/habibmakina.com.tr\/wp-content\/uploads\/2014\/02\/walker.jpg\" alt=\"\" \/><\/a><\/div>\n<\/div>","protected":false},"excerpt":{"rendered":"<p>\u00c7elik Konstr\u00fcksiyon, Enerji Sekt\u00f6r\u00fc, Gemi \u0130n\u015faat, Tamirat Sekt\u00f6rlerine y\u00f6nelik \u00fcr\u00fcnler Alman, \u0130talyan ve Amerikan Mallar\u0131 En Kaliteli Makinelerin \u0130thalat\u00e7\u0131s\u0131 ve Sat\u0131\u015f\u0131<\/p>","protected":false},"author":2,"featured_media":0,"parent":0,"menu_order":0,"comment_status":"open","ping_status":"closed","template":"","meta":{"_joinchat":[],"footnotes":""},"class_list":["post-153","page","type-page","status-publish","hentry"],"_links":{"self":[{"href":"https:\/\/habibmakina.com.tr\/en\/wp-json\/wp\/v2\/pages\/153"}],"collection":[{"href":"https:\/\/habibmakina.com.tr\/en\/wp-json\/wp\/v2\/pages"}],"about":[{"href":"https:\/\/habibmakina.com.tr\/en\/wp-json\/wp\/v2\/types\/page"}],"author":[{"embeddable":true,"href":"https:\/\/habibmakina.com.tr\/en\/wp-json\/wp\/v2\/users\/2"}],"replies":[{"embeddable":true,"href":"https:\/\/habibmakina.com.tr\/en\/wp-json\/wp\/v2\/comments?post=153"}],"version-history":[{"count":28,"href":"https:\/\/habibmakina.com.tr\/en\/wp-json\/wp\/v2\/pages\/153\/revisions"}],"predecessor-version":[{"id":8385,"href":"https:\/\/habibmakina.com.tr\/en\/wp-json\/wp\/v2\/pages\/153\/revisions\/8385"}],"wp:attachment":[{"href":"https:\/\/habibmakina.com.tr\/en\/wp-json\/wp\/v2\/media?parent=153"}],"curies":[{"name":"wp","href":"https:\/\/api.w.org\/{rel}","templated":true}]}}