{"id":152,"date":"2014-01-06T22:20:40","date_gmt":"2014-01-06T20:20:40","guid":{"rendered":"http:\/\/drsosyal.com\/hmakina\/?page_id=6"},"modified":"2023-05-30T12:43:29","modified_gmt":"2023-05-30T09:43:29","slug":"about-us","status":"publish","type":"page","link":"https:\/\/habibmakina.com.tr\/en\/hakkimizda\/","title":{"rendered":"Habib Makina"},"content":{"rendered":"<p>Dear Business Partners,<\/p>\n<p><strong>Habib Makina<\/strong> Founded in 1980, it is a 41-year-old trading and importing company.<\/p>\n<p>In the first years of its establishment, our company was mostly engaged in domestic trade, but in the following years it has progressed in import and representation.<\/p>\n<p>Today, it specializes in steel plate and tube processing and has become a one-stop shop for industrial solutions in these fields.<\/p>\n<p>Today, it continues to provide its customers with the best products and services at affordable prices with nearly 100 dealers all over Turkey.<\/p>\n<p>Habib Makina has been the sole and leading distributor of GBC, one of Italy's and the world's leading brands in steel plate and pipe processing, especially in beveling machines, for 20 years. GBC Beveling Machines were used in the construction of the new Osmangazi Bridge, Yavuz Sultan Selim Bridge and \u00c7anakkale Bridge. Leading companies in Turkey, especially in ship, airport, bridge construction, steel construction, machinery manufacturing and energy sector, prefer our machines for steel plate and pipe processing.<\/p>\n<p>In addition, Habib Makina is proud to be the first company to import Magnetized (Magnetic) Drills (MAB) for Core Drilling and to introduce this Drilling Technology to our country.<\/p>\n<p>For 25 years Habib Makina has been working as the first and only distributor of BDS MASCHINEN GmbH, one of the leading companies in Germany. BDS Magnetic Drills have been used in the construction of many steel structures, especially in the construction of the new Istanbul Airport.<\/p>\n<p>Finally, Habib Makina is the distributor of many well-known brands originating from Europe, America and the Far East. Since its establishment, the main philosophy of the company has been to follow innovations and offer quality products to its customers at affordable prices. In today's increasingly competitive conditions, Habib Makina continues to lead the sector with its technical support, after-sales service and fast spare parts supply.<\/p>\n<p>Sincerely,<br \/>\nHABIB MAKI SAN. TI\u0307C. A.\u015e.<\/p>","protected":false},"excerpt":{"rendered":"<p>De\u011ferli \u0130\u015f Ortaklar\u0131m\u0131z, Habib Makina 1980 y\u0131l\u0131nda kurulan 41 y\u0131ll\u0131k bir ticaret ve ithalat\u00e7\u0131 firmas\u0131d\u0131r. Kuruldu\u011fu ilk y\u0131llarda daha \u00e7ok dahili ticaret ile faaliyet g\u00f6steren \u015firketimiz sonraki y\u0131llarda ithalat ve temsilcilik konusunda ilerlemi\u015ftir. G\u00fcn\u00fcm\u00fczde \u00e7elik plaka ve boru i\u015flemede uzmanla\u015fm\u0131\u015f ve bu konularda end\u00fcstriyel \u00e7\u00f6z\u00fcmlerde tek adres olmu\u015ftur. Bug\u00fcn T\u00fcrkiye&#8217;nin d\u00f6rt bir yan\u0131nda 100&#8217;e yak\u0131n [&hellip;]<\/p>\n","protected":false},"author":2,"featured_media":0,"parent":0,"menu_order":0,"comment_status":"open","ping_status":"closed","template":"","meta":{"_joinchat":[],"footnotes":""},"class_list":["post-152","page","type-page","status-publish","hentry"],"_links":{"self":[{"href":"https:\/\/habibmakina.com.tr\/en\/wp-json\/wp\/v2\/pages\/152"}],"collection":[{"href":"https:\/\/habibmakina.com.tr\/en\/wp-json\/wp\/v2\/pages"}],"about":[{"href":"https:\/\/habibmakina.com.tr\/en\/wp-json\/wp\/v2\/types\/page"}],"author":[{"embeddable":true,"href":"https:\/\/habibmakina.com.tr\/en\/wp-json\/wp\/v2\/users\/2"}],"replies":[{"embeddable":true,"href":"https:\/\/habibmakina.com.tr\/en\/wp-json\/wp\/v2\/comments?post=152"}],"version-history":[{"count":13,"href":"https:\/\/habibmakina.com.tr\/en\/wp-json\/wp\/v2\/pages\/152\/revisions"}],"predecessor-version":[{"id":8386,"href":"https:\/\/habibmakina.com.tr\/en\/wp-json\/wp\/v2\/pages\/152\/revisions\/8386"}],"wp:attachment":[{"href":"https:\/\/habibmakina.com.tr\/en\/wp-json\/wp\/v2\/media?parent=152"}],"curies":[{"name":"wp","href":"https:\/\/api.w.org\/{rel}","templated":true}]}}